{"id":47,"date":"2024-04-27T17:06:30","date_gmt":"2024-04-27T17:06:30","guid":{"rendered":"https:\/\/brandroots.agency\/?page_id=47"},"modified":"2024-08-19T10:07:55","modified_gmt":"2024-08-19T10:07:55","slug":"patents","status":"publish","type":"page","link":"https:\/\/brandroots.agency\/ro\/patents\/","title":{"rendered":"Brevete de inven\u021bii"},"content":{"rendered":"\t\t<div data-elementor-type=\"wp-page\" data-elementor-id=\"47\" class=\"elementor elementor-47\">\n\t\t\t\t<div class=\"elementor-element elementor-element-c54f0ef e-flex e-con-boxed e-con e-parent\" data-id=\"c54f0ef\" data-element_type=\"container\">\n\t\t\t\t\t<div class=\"e-con-inner\">\n\t\t\t\t<div class=\"elementor-element elementor-element-9fb4e0a elementor-widget elementor-widget-heading\" data-id=\"9fb4e0a\" data-element_type=\"widget\" data-widget_type=\"heading.default\">\n\t\t\t\t<div class=\"elementor-widget-container\">\n\t\t\t\t\t<h1 class=\"elementor-heading-title elementor-size-default\">Brevete de inven\u021bii<\/h1>\t\t\t\t<\/div>\n\t\t\t\t<\/div>\n\t\t\t\t<div class=\"elementor-element elementor-element-f3815d5 elementor-widget elementor-widget-text-editor\" data-id=\"f3815d5\" data-element_type=\"widget\" data-widget_type=\"text-editor.default\">\n\t\t\t\t<div class=\"elementor-widget-container\">\n\t\t\t\t\t\t\t\t\tOferim suport complet pentru \u00eenregistrarea cererilor de brevet de inven\u021bie, prin colaboratori \u0219i parteneri specializa\u021bi. Protejarea inova\u021biilor tale este esen\u021bial\u0103 pentru a asigura drepturile exclusive \u0219i a preveni utilizarea neautorizat\u0103 de c\u0103tre ter\u021bi.\t\t\t\t\t\t\t\t<\/div>\n\t\t\t\t<\/div>\n\t\t\t\t<div class=\"elementor-element elementor-element-21ea7a5 elementor-widget elementor-widget-heading\" data-id=\"21ea7a5\" data-element_type=\"widget\" data-widget_type=\"heading.default\">\n\t\t\t\t<div class=\"elementor-widget-container\">\n\t\t\t\t\t<h3 class=\"elementor-heading-title elementor-size-default\">Ce este un brevet de inven\u021bie?<\/h3>\t\t\t\t<\/div>\n\t\t\t\t<\/div>\n\t\t\t\t<div class=\"elementor-element elementor-element-962e099 elementor-widget elementor-widget-text-editor\" data-id=\"962e099\" data-element_type=\"widget\" data-widget_type=\"text-editor.default\">\n\t\t\t\t<div class=\"elementor-widget-container\">\n\t\t\t\t\t\t\t\t\t<p><span style=\"font-weight: 400;\">Un brevet de inven\u021bie este un titlu de proprietate industrial\u0103 care confer\u0103 titularului dreptul exclusiv de a exploata comercial inven\u021bia pentru o perioad\u0103 limitat\u0103, de obicei 20 de ani. Acest drept exclusiv stimuleaz\u0103 inova\u021bia \u0219i investi\u021biile \u00een dezvoltarea de noi tehnologii.<\/span><\/p>\t\t\t\t\t\t\t\t<\/div>\n\t\t\t\t<\/div>\n\t\t\t\t<div class=\"elementor-element elementor-element-c898da1 elementor-widget elementor-widget-heading\" data-id=\"c898da1\" data-element_type=\"widget\" data-widget_type=\"heading.default\">\n\t\t\t\t<div class=\"elementor-widget-container\">\n\t\t\t\t\t<h3 class=\"elementor-heading-title elementor-size-default\">Procedura de \u00eenregistrare<\/h3>\t\t\t\t<\/div>\n\t\t\t\t<\/div>\n\t\t\t\t\t<\/div>\n\t\t\t\t<\/div>\n\t\t<div class=\"elementor-element elementor-element-37e809a e-flex e-con-boxed e-con e-parent\" data-id=\"37e809a\" data-element_type=\"container\">\n\t\t\t\t\t<div class=\"e-con-inner\">\n\t\t<div class=\"elementor-element elementor-element-57b71cc e-con-full elementor-hidden-mobile e-flex e-con e-child\" data-id=\"57b71cc\" data-element_type=\"container\">\n\t\t\t\t<\/div>\n\t\t<div class=\"elementor-element elementor-element-4612364 e-con-full e-flex e-con e-child\" data-id=\"4612364\" data-element_type=\"container\">\n\t\t<div class=\"elementor-element elementor-element-5aa1509 e-con-full e-flex e-con e-child\" data-id=\"5aa1509\" data-element_type=\"container\">\n\t\t\t\t<div class=\"elementor-element elementor-element-0ffd462 elementor-view-default elementor-widget elementor-widget-icon\" data-id=\"0ffd462\" data-element_type=\"widget\" data-widget_type=\"icon.default\">\n\t\t\t\t<div class=\"elementor-widget-container\">\n\t\t\t\t\t\t\t<div class=\"elementor-icon-wrapper\">\n\t\t\t<div class=\"elementor-icon\">\n\t\t\t<svg aria-hidden=\"true\" class=\"e-font-icon-svg e-fas-circle\" viewBox=\"0 0 512 512\" xmlns=\"http:\/\/www.w3.org\/2000\/svg\"><path d=\"M256 8C119 8 8 119 8 256s111 248 248 248 248-111 248-248S393 8 256 8z\"><\/path><\/svg>\t\t\t<\/div>\n\t\t<\/div>\n\t\t\t\t\t\t<\/div>\n\t\t\t\t<\/div>\n\t\t<div class=\"elementor-element elementor-element-a239cfe e-con-full e-flex e-con e-child\" data-id=\"a239cfe\" data-element_type=\"container\">\n\t\t\t\t<div class=\"elementor-element elementor-element-24ec3b1 elementor-widget elementor-widget-heading\" data-id=\"24ec3b1\" data-element_type=\"widget\" data-widget_type=\"heading.default\">\n\t\t\t\t<div class=\"elementor-widget-container\">\n\t\t\t\t\t<h3 class=\"elementor-heading-title elementor-size-default\">1. Depunerea cererii<\/h3>\t\t\t\t<\/div>\n\t\t\t\t<\/div>\n\t\t\t\t<div class=\"elementor-element elementor-element-e6bcc0c elementor-widget elementor-widget-text-editor\" data-id=\"e6bcc0c\" data-element_type=\"widget\" data-widget_type=\"text-editor.default\">\n\t\t\t\t<div class=\"elementor-widget-container\">\n\t\t\t\t\t\t\t\t\t<ul><li style=\"font-weight: 400;\" aria-checked=\"false\" aria-level=\"1\"><p><span style=\"font-weight: 400;\">Completarea \u0219i depunerea cererii de brevet la OSIM, care trebuie s\u0103 includ\u0103 un rezumat al inven\u021biei, descrierea detaliat\u0103, revendic\u0103rile \u0219i, dac\u0103 este necesar, desene explicative.<\/span><\/p><\/li><\/ul>\t\t\t\t\t\t\t\t<\/div>\n\t\t\t\t<\/div>\n\t\t\t\t<\/div>\n\t\t\t\t<\/div>\n\t\t<div class=\"elementor-element elementor-element-6464214 e-con-full e-flex e-con e-child\" data-id=\"6464214\" data-element_type=\"container\">\n\t\t\t\t<div class=\"elementor-element elementor-element-bcead67 elementor-view-default elementor-widget elementor-widget-icon\" data-id=\"bcead67\" data-element_type=\"widget\" data-widget_type=\"icon.default\">\n\t\t\t\t<div class=\"elementor-widget-container\">\n\t\t\t\t\t\t\t<div class=\"elementor-icon-wrapper\">\n\t\t\t<div class=\"elementor-icon\">\n\t\t\t<svg aria-hidden=\"true\" class=\"e-font-icon-svg e-fas-circle\" viewBox=\"0 0 512 512\" xmlns=\"http:\/\/www.w3.org\/2000\/svg\"><path d=\"M256 8C119 8 8 119 8 256s111 248 248 248 248-111 248-248S393 8 256 8z\"><\/path><\/svg>\t\t\t<\/div>\n\t\t<\/div>\n\t\t\t\t\t\t<\/div>\n\t\t\t\t<\/div>\n\t\t<div class=\"elementor-element elementor-element-996ada8 e-con-full e-flex e-con e-child\" data-id=\"996ada8\" data-element_type=\"container\">\n\t\t\t\t<div class=\"elementor-element elementor-element-1168f46 elementor-widget elementor-widget-heading\" data-id=\"1168f46\" data-element_type=\"widget\" data-widget_type=\"heading.default\">\n\t\t\t\t<div class=\"elementor-widget-container\">\n\t\t\t\t\t<h3 class=\"elementor-heading-title elementor-size-default\">2. Examinarea preliminar\u0103<\/h3>\t\t\t\t<\/div>\n\t\t\t\t<\/div>\n\t\t\t\t<div class=\"elementor-element elementor-element-822ae41 elementor-widget elementor-widget-text-editor\" data-id=\"822ae41\" data-element_type=\"widget\" data-widget_type=\"text-editor.default\">\n\t\t\t\t<div class=\"elementor-widget-container\">\n\t\t\t\t\t\t\t\t\t<ul><li style=\"font-weight: 400;\" aria-checked=\"false\" aria-level=\"1\"><span style=\"font-weight: 400;\">OSIM efectueaz\u0103 o examinare preliminar\u0103 pentru a verifica dac\u0103 cererea \u00eendepline\u0219te cerin\u021bele formale \u0219i dac\u0103 inven\u021bia este clar descris\u0103.<\/span><\/li><\/ul>\t\t\t\t\t\t\t\t<\/div>\n\t\t\t\t<\/div>\n\t\t\t\t<\/div>\n\t\t\t\t<\/div>\n\t\t<div class=\"elementor-element elementor-element-ed425ef e-con-full e-flex e-con e-child\" data-id=\"ed425ef\" data-element_type=\"container\">\n\t\t\t\t<div class=\"elementor-element elementor-element-266d169 elementor-view-default elementor-widget elementor-widget-icon\" data-id=\"266d169\" data-element_type=\"widget\" data-widget_type=\"icon.default\">\n\t\t\t\t<div class=\"elementor-widget-container\">\n\t\t\t\t\t\t\t<div class=\"elementor-icon-wrapper\">\n\t\t\t<div class=\"elementor-icon\">\n\t\t\t<svg aria-hidden=\"true\" class=\"e-font-icon-svg e-fas-circle\" viewBox=\"0 0 512 512\" xmlns=\"http:\/\/www.w3.org\/2000\/svg\"><path d=\"M256 8C119 8 8 119 8 256s111 248 248 248 248-111 248-248S393 8 256 8z\"><\/path><\/svg>\t\t\t<\/div>\n\t\t<\/div>\n\t\t\t\t\t\t<\/div>\n\t\t\t\t<\/div>\n\t\t<div class=\"elementor-element elementor-element-20692fd e-con-full e-flex e-con e-child\" data-id=\"20692fd\" data-element_type=\"container\">\n\t\t\t\t<div class=\"elementor-element elementor-element-e5c455c elementor-widget elementor-widget-heading\" data-id=\"e5c455c\" data-element_type=\"widget\" data-widget_type=\"heading.default\">\n\t\t\t\t<div class=\"elementor-widget-container\">\n\t\t\t\t\t<h3 class=\"elementor-heading-title elementor-size-default\">3. Publicarea cererii<\/h3>\t\t\t\t<\/div>\n\t\t\t\t<\/div>\n\t\t\t\t<div class=\"elementor-element elementor-element-ef5ec05 elementor-widget elementor-widget-text-editor\" data-id=\"ef5ec05\" data-element_type=\"widget\" data-widget_type=\"text-editor.default\">\n\t\t\t\t<div class=\"elementor-widget-container\">\n\t\t\t\t\t\t\t\t\t<ul><li style=\"font-weight: 400;\" aria-checked=\"false\" aria-level=\"1\"><span style=\"font-weight: 400;\">Dup\u0103 18 luni de la data de depozit sau de la data priorit\u0103\u021bii revendicate, cererea de brevet este publicat\u0103.<\/span><\/li><\/ul>\t\t\t\t\t\t\t\t<\/div>\n\t\t\t\t<\/div>\n\t\t\t\t<\/div>\n\t\t\t\t<\/div>\n\t\t<div class=\"elementor-element elementor-element-73a646f e-con-full e-flex e-con e-child\" data-id=\"73a646f\" data-element_type=\"container\">\n\t\t\t\t<div class=\"elementor-element elementor-element-2ce0ff6 elementor-view-default elementor-widget elementor-widget-icon\" data-id=\"2ce0ff6\" data-element_type=\"widget\" data-widget_type=\"icon.default\">\n\t\t\t\t<div class=\"elementor-widget-container\">\n\t\t\t\t\t\t\t<div class=\"elementor-icon-wrapper\">\n\t\t\t<div class=\"elementor-icon\">\n\t\t\t<svg aria-hidden=\"true\" class=\"e-font-icon-svg e-fas-circle\" viewBox=\"0 0 512 512\" xmlns=\"http:\/\/www.w3.org\/2000\/svg\"><path d=\"M256 8C119 8 8 119 8 256s111 248 248 248 248-111 248-248S393 8 256 8z\"><\/path><\/svg>\t\t\t<\/div>\n\t\t<\/div>\n\t\t\t\t\t\t<\/div>\n\t\t\t\t<\/div>\n\t\t<div class=\"elementor-element elementor-element-2bd5a6e e-con-full e-flex e-con e-child\" data-id=\"2bd5a6e\" data-element_type=\"container\">\n\t\t\t\t<div class=\"elementor-element elementor-element-f6d2efe elementor-widget elementor-widget-heading\" data-id=\"f6d2efe\" data-element_type=\"widget\" data-widget_type=\"heading.default\">\n\t\t\t\t<div class=\"elementor-widget-container\">\n\t\t\t\t\t<h3 class=\"elementor-heading-title elementor-size-default\">4. Examinarea de fond<\/h3>\t\t\t\t<\/div>\n\t\t\t\t<\/div>\n\t\t\t\t<div class=\"elementor-element elementor-element-f45f525 elementor-widget elementor-widget-text-editor\" data-id=\"f45f525\" data-element_type=\"widget\" data-widget_type=\"text-editor.default\">\n\t\t\t\t<div class=\"elementor-widget-container\">\n\t\t\t\t\t\t\t\t\t<ul><li style=\"font-weight: 400;\" aria-checked=\"false\" aria-level=\"1\"><span style=\"font-weight: 400;\">O analiz\u0103 detaliat\u0103 pentru a determina dac\u0103 inven\u021bia este nou\u0103, implic\u0103 o activitate inventiv\u0103 \u0219i este susceptibil\u0103 de aplicare industrial\u0103. Aceast\u0103 etap\u0103 este crucial\u0103 pentru validarea cererii.<\/span><\/li><\/ul>\t\t\t\t\t\t\t\t<\/div>\n\t\t\t\t<\/div>\n\t\t\t\t<\/div>\n\t\t\t\t<\/div>\n\t\t<div class=\"elementor-element elementor-element-7a2669c e-con-full e-flex e-con e-child\" data-id=\"7a2669c\" data-element_type=\"container\">\n\t\t\t\t<div class=\"elementor-element elementor-element-9d398f4 elementor-view-default elementor-widget elementor-widget-icon\" data-id=\"9d398f4\" data-element_type=\"widget\" data-widget_type=\"icon.default\">\n\t\t\t\t<div class=\"elementor-widget-container\">\n\t\t\t\t\t\t\t<div class=\"elementor-icon-wrapper\">\n\t\t\t<div class=\"elementor-icon\">\n\t\t\t<svg aria-hidden=\"true\" class=\"e-font-icon-svg e-fas-circle\" viewBox=\"0 0 512 512\" xmlns=\"http:\/\/www.w3.org\/2000\/svg\"><path d=\"M256 8C119 8 8 119 8 256s111 248 248 248 248-111 248-248S393 8 256 8z\"><\/path><\/svg>\t\t\t<\/div>\n\t\t<\/div>\n\t\t\t\t\t\t<\/div>\n\t\t\t\t<\/div>\n\t\t<div class=\"elementor-element elementor-element-e9db7a1 e-con-full e-flex e-con e-child\" data-id=\"e9db7a1\" data-element_type=\"container\">\n\t\t\t\t<div class=\"elementor-element elementor-element-2a7202b elementor-widget elementor-widget-heading\" data-id=\"2a7202b\" data-element_type=\"widget\" data-widget_type=\"heading.default\">\n\t\t\t\t<div class=\"elementor-widget-container\">\n\t\t\t\t\t<h3 class=\"elementor-heading-title elementor-size-default\">5. Eliberarea brevetului<\/h3>\t\t\t\t<\/div>\n\t\t\t\t<\/div>\n\t\t\t\t<div class=\"elementor-element elementor-element-ce56641 elementor-widget elementor-widget-text-editor\" data-id=\"ce56641\" data-element_type=\"widget\" data-widget_type=\"text-editor.default\">\n\t\t\t\t<div class=\"elementor-widget-container\">\n\t\t\t\t\t\t\t\t\t<ul><li><p><span style=\"font-weight: 400;\">Dac\u0103 cererea trece cu succes de examinarea de fond, OSIM elibereaz\u0103 brevetul de inven\u021bie, conferind titularului drepturile exclusive asupra inven\u021biei.<\/span><\/p><\/li><\/ul>\t\t\t\t\t\t\t\t<\/div>\n\t\t\t\t<\/div>\n\t\t\t\t<\/div>\n\t\t\t\t<\/div>\n\t\t\t\t<\/div>\n\t\t\t\t\t<\/div>\n\t\t\t\t<\/div>\n\t\t<div class=\"elementor-element elementor-element-63f19fc e-flex e-con-boxed e-con e-parent\" data-id=\"63f19fc\" data-element_type=\"container\">\n\t\t\t\t\t<div class=\"e-con-inner\">\n\t\t\t\t<div class=\"elementor-element elementor-element-396082e elementor-widget elementor-widget-heading\" data-id=\"396082e\" data-element_type=\"widget\" data-widget_type=\"heading.default\">\n\t\t\t\t<div class=\"elementor-widget-container\">\n\t\t\t\t\t<h3 class=\"elementor-heading-title elementor-size-default\">Beneficiile brevet\u0103rii<\/h3>\t\t\t\t<\/div>\n\t\t\t\t<\/div>\n\t\t\t\t<div class=\"elementor-element elementor-element-8d24c7f elementor-widget elementor-widget-text-editor\" data-id=\"8d24c7f\" data-element_type=\"widget\" data-widget_type=\"text-editor.default\">\n\t\t\t\t<div class=\"elementor-widget-container\">\n\t\t\t\t\t\t\t\t\t<p>a.<strong> <i>Protec\u021bie legal\u0103<\/i><\/strong><span style=\"font-weight: 400;\"> &#8211; brevetul confer\u0103 drepturi exclusive; fabricarea, utilizarea, v\u00e2nzarea sau importul inven\u021biei se vor putea face doar cu permisiunea titularului.<\/span><\/p><p>b. <i><b>Monetizare<\/b><\/i><span style=\"font-weight: 400;\"> &#8211; titularul poate licen\u021bia sau vinde brevetul, gener\u00e2nd venituri suplimentare.<\/span><\/p><p>c. <strong><i>Avantaj competitiv<\/i><\/strong><span style=\"font-weight: 400;\"> &#8211; de\u021binerea unui brevet poate pozi\u021biona compania \u00eentr-o pozi\u021bie favorabil\u0103 pe pia\u021b\u0103, demonstr\u00e2nd capacitatea sa inovatoare.<\/span><\/p>\t\t\t\t\t\t\t\t<\/div>\n\t\t\t\t<\/div>\n\t\t\t\t<div class=\"elementor-element elementor-element-214771e elementor-widget elementor-widget-heading\" data-id=\"214771e\" data-element_type=\"widget\" data-widget_type=\"heading.default\">\n\t\t\t\t<div class=\"elementor-widget-container\">\n\t\t\t\t\t<h3 class=\"elementor-heading-title elementor-size-default\">Colaboratorii no\u0219tri<\/h3>\t\t\t\t<\/div>\n\t\t\t\t<\/div>\n\t\t\t\t<div class=\"elementor-element elementor-element-a258a1e elementor-widget elementor-widget-text-editor\" data-id=\"a258a1e\" data-element_type=\"widget\" data-widget_type=\"text-editor.default\">\n\t\t\t\t<div class=\"elementor-widget-container\">\n\t\t\t\t\t\t\t\t\t<p><span style=\"font-weight: 400;\">Colabor\u0103m cu parteneri de \u00eencredere, specializa\u021bi \u00een domeniul propriet\u0103\u021bii intelectuale, pentru a v\u0103 asigura servicii de calitate \u0219i expertiz\u0103 de top \u00een procesul de brevetare. Fiecare colaborator este selectat pe baza experien\u021bei \u0219i competen\u021belor sale, pentru a garanta c\u0103 inven\u021biile dumneavoastr\u0103 sunt protejate eficient.<\/span><\/p>\t\t\t\t\t\t\t\t<\/div>\n\t\t\t\t<\/div>\n\t\t\t\t\t<\/div>\n\t\t\t\t<\/div>\n\t\t\t\t<\/div>\n\t\t","protected":false},"excerpt":{"rendered":"<p>Brevete de inven\u021bii Oferim suport complet pentru \u00eenregistrarea cererilor de brevet de inven\u021bie, prin colaboratori \u0219i parteneri specializa\u021bi. Protejarea inova\u021biilor [&hellip;]<\/p>\n","protected":false},"author":1,"featured_media":0,"parent":0,"menu_order":0,"comment_status":"closed","ping_status":"closed","template":"","meta":{"site-sidebar-layout":"no-sidebar","site-content-layout":"","ast-site-content-layout":"full-width-container","site-content-style":"default","site-sidebar-style":"default","ast-global-header-display":"","ast-banner-title-visibility":"","ast-main-header-display":"","ast-hfb-above-header-display":"","ast-hfb-below-header-display":"","ast-hfb-mobile-header-display":"","site-post-title":"disabled","ast-breadcrumbs-content":"","ast-featured-img":"disabled","footer-sml-layout":"","theme-transparent-header-meta":"","adv-header-id-meta":"","stick-header-meta":"","header-above-stick-meta":"","header-main-stick-meta":"","header-below-stick-meta":"","astra-migrate-meta-layouts":"default","ast-page-background-enabled":"default","ast-page-background-meta":{"desktop":{"background-color":"var(--ast-global-color-4)","background-image":"","background-repeat":"repeat","background-position":"center center","background-size":"auto","background-attachment":"scroll","background-type":"","background-media":"","overlay-type":"","overlay-color":"","overlay-opacity":"","overlay-gradient":""},"tablet":{"background-color":"","background-image":"","background-repeat":"repeat","background-position":"center center","background-size":"auto","background-attachment":"scroll","background-type":"","background-media":"","overlay-type":"","overlay-color":"","overlay-opacity":"","overlay-gradient":""},"mobile":{"background-color":"","background-image":"","background-repeat":"repeat","background-position":"center center","background-size":"auto","background-attachment":"scroll","background-type":"","background-media":"","overlay-type":"","overlay-color":"","overlay-opacity":"","overlay-gradient":""}},"ast-content-background-meta":{"desktop":{"background-color":"var(--ast-global-color-5)","background-image":"","background-repeat":"repeat","background-position":"center center","background-size":"auto","background-attachment":"scroll","background-type":"","background-media":"","overlay-type":"","overlay-color":"","overlay-opacity":"","overlay-gradient":""},"tablet":{"background-color":"var(--ast-global-color-5)","background-image":"","background-repeat":"repeat","background-position":"center center","background-size":"auto","background-attachment":"scroll","background-type":"","background-media":"","overlay-type":"","overlay-color":"","overlay-opacity":"","overlay-gradient":""},"mobile":{"background-color":"var(--ast-global-color-5)","background-image":"","background-repeat":"repeat","background-position":"center center","background-size":"auto","background-attachment":"scroll","background-type":"","background-media":"","overlay-type":"","overlay-color":"","overlay-opacity":"","overlay-gradient":""}},"footnotes":""},"class_list":["post-47","page","type-page","status-publish","hentry"],"_links":{"self":[{"href":"https:\/\/brandroots.agency\/ro\/wp-json\/wp\/v2\/pages\/47","targetHints":{"allow":["GET"]}}],"collection":[{"href":"https:\/\/brandroots.agency\/ro\/wp-json\/wp\/v2\/pages"}],"about":[{"href":"https:\/\/brandroots.agency\/ro\/wp-json\/wp\/v2\/types\/page"}],"author":[{"embeddable":true,"href":"https:\/\/brandroots.agency\/ro\/wp-json\/wp\/v2\/users\/1"}],"replies":[{"embeddable":true,"href":"https:\/\/brandroots.agency\/ro\/wp-json\/wp\/v2\/comments?post=47"}],"version-history":[{"count":29,"href":"https:\/\/brandroots.agency\/ro\/wp-json\/wp\/v2\/pages\/47\/revisions"}],"predecessor-version":[{"id":2233,"href":"https:\/\/brandroots.agency\/ro\/wp-json\/wp\/v2\/pages\/47\/revisions\/2233"}],"wp:attachment":[{"href":"https:\/\/brandroots.agency\/ro\/wp-json\/wp\/v2\/media?parent=47"}],"curies":[{"name":"wp","href":"https:\/\/api.w.org\/{rel}","templated":true}]}}