{"id":171,"date":"2024-04-28T13:03:40","date_gmt":"2024-04-28T13:03:40","guid":{"rendered":"https:\/\/brandroots.agency\/?page_id=171"},"modified":"2024-08-19T10:09:26","modified_gmt":"2024-08-19T10:09:26","slug":"ip-litigation","status":"publish","type":"page","link":"https:\/\/brandroots.agency\/ro\/ip-litigation\/","title":{"rendered":"Litigii"},"content":{"rendered":"\t\t<div data-elementor-type=\"wp-page\" data-elementor-id=\"171\" class=\"elementor elementor-171\">\n\t\t\t\t<div class=\"elementor-element elementor-element-ef5033f e-flex e-con-boxed e-con e-parent\" data-id=\"ef5033f\" data-element_type=\"container\">\n\t\t\t\t\t<div class=\"e-con-inner\">\n\t\t\t\t<div class=\"elementor-element elementor-element-0e59fe8 elementor-widget elementor-widget-heading\" data-id=\"0e59fe8\" data-element_type=\"widget\" data-widget_type=\"heading.default\">\n\t\t\t\t<div class=\"elementor-widget-container\">\n\t\t\t\t\t<h1 class=\"elementor-heading-title elementor-size-default\">Litigii<\/h1>\t\t\t\t<\/div>\n\t\t\t\t<\/div>\n\t\t\t\t<div class=\"elementor-element elementor-element-e8aba41 elementor-widget elementor-widget-text-editor\" data-id=\"e8aba41\" data-element_type=\"widget\" data-widget_type=\"text-editor.default\">\n\t\t\t\t<div class=\"elementor-widget-container\">\n\t\t\t\t\t\t\t\t\t<p><span style=\"font-weight: 400;\">Prin echipa noastr\u0103 de avoca\u021bi, cu 15 ani de experien\u021b\u0103 \u00een profesie \u0219i peste 5 ani \u00een domeniul propriet\u0103\u021bii intelectuale, oferim asisten\u021b\u0103 juridic\u0103 specializat\u0103, \u00een fa\u021ba tuturor gradelor de jurisdic\u021bie, asigur\u00e2nd o ap\u0103rare eficient\u0103 a drepturilor de proprietate intelectual\u0103 \u0219i industrial\u0103.<\/span><\/p>\t\t\t\t\t\t\t\t<\/div>\n\t\t\t\t<\/div>\n\t\t\t\t<div class=\"elementor-element elementor-element-f833563 elementor-widget elementor-widget-heading\" data-id=\"f833563\" data-element_type=\"widget\" data-widget_type=\"heading.default\">\n\t\t\t\t<div class=\"elementor-widget-container\">\n\t\t\t\t\t<h3 class=\"elementor-heading-title elementor-size-default\">Ce presupune reprezentarea procesual\u0103, \u00een fa\u021ba instan\u021belor judec\u0103tore\u0219ti \u0219i a altor organe \u0219i organisme competente?<\/h3>\t\t\t\t<\/div>\n\t\t\t\t<\/div>\n\t\t\t\t<div class=\"elementor-element elementor-element-ccf1e1b elementor-widget elementor-widget-text-editor\" data-id=\"ccf1e1b\" data-element_type=\"widget\" data-widget_type=\"text-editor.default\">\n\t\t\t\t<div class=\"elementor-widget-container\">\n\t\t\t\t\t\t\t\t\t<ul><li style=\"font-weight: 400;\" aria-level=\"1\"><span style=\"font-weight: 400;\">Constatarea \u00eenc\u0103lc\u0103rii drepturilor<\/span><\/li><li style=\"font-weight: 400;\" aria-level=\"1\"><span style=\"font-weight: 400;\">Recunoa\u0219terea \u0219i protec\u021bia acestora<\/span><\/li><li style=\"font-weight: 400;\" aria-level=\"1\"><span style=\"font-weight: 400;\">Interzicerea utiliz\u0103rii semnelor contraf\u0103cute \u00een activitatea comercial\u0103 a ter\u021bilor (inclusiv importul sau exportul produselor sub acest semn, utilizarea pe documente comerciale sau de publicitate etc.)<\/span><\/li><li style=\"font-weight: 400;\" aria-level=\"1\"><span style=\"font-weight: 400;\">Ob\u021binerea desp\u0103gubirilor corespunz\u0103toare \u0219i adecvate pentru prejudiciile cauzate prin \u00eenc\u0103lcarea drepturilor<\/span><\/li><li style=\"font-weight: 400;\" aria-level=\"1\"><span style=\"font-weight: 400;\">Solicitarea unor m\u0103suri provizorii (interzicerea \u00eenc\u0103lc\u0103rii sau \u00eencetarea ei provizorie, luarea m\u0103surile necesare pentru a asigura conservarea probelor sau pentru repararea pagubei, ridicarea sau predarea c\u0103tre autorit\u0103\u0163ile competente a m\u0103rfurilor cu privire la care exist\u0103 suspiciuni privind \u00eenc\u0103lcarea unui drept, pentru a \u00eempiedica introducerea acestora \u00een circuitul comercial)<\/span><\/li><\/ul>\t\t\t\t\t\t\t\t<\/div>\n\t\t\t\t<\/div>\n\t\t\t\t<div class=\"elementor-element elementor-element-2183402 elementor-widget elementor-widget-heading\" data-id=\"2183402\" data-element_type=\"widget\" data-widget_type=\"heading.default\">\n\t\t\t\t<div class=\"elementor-widget-container\">\n\t\t\t\t\t<h3 class=\"elementor-heading-title elementor-size-default\">Pe scurt<\/h3>\t\t\t\t<\/div>\n\t\t\t\t<\/div>\n\t\t\t\t<div class=\"elementor-element elementor-element-0c74966 elementor-widget elementor-widget-text-editor\" data-id=\"0c74966\" data-element_type=\"widget\" data-widget_type=\"text-editor.default\">\n\t\t\t\t<div class=\"elementor-widget-container\">\n\t\t\t\t\t\t\t\t\t<p><span style=\"font-weight: 400;\">Servicii personalizate, fiecare caz este abordat cu aten\u021bie \u0219i profesionalism, potrivit nevoilor specifice ale fiec\u0103rui client.<\/span><\/p>\t\t\t\t\t\t\t\t<\/div>\n\t\t\t\t<\/div>\n\t\t\t\t\t<\/div>\n\t\t\t\t<\/div>\n\t\t\t\t<\/div>\n\t\t","protected":false},"excerpt":{"rendered":"<p>Litigii Prin echipa noastr\u0103 de avoca\u021bi, cu 15 ani de experien\u021b\u0103 \u00een profesie \u0219i peste 5 ani \u00een domeniul propriet\u0103\u021bii [&hellip;]<\/p>\n","protected":false},"author":1,"featured_media":0,"parent":0,"menu_order":0,"comment_status":"closed","ping_status":"closed","template":"","meta":{"site-sidebar-layout":"no-sidebar","site-content-layout":"","ast-site-content-layout":"full-width-container","site-content-style":"default","site-sidebar-style":"default","ast-global-header-display":"","ast-banner-title-visibility":"","ast-main-header-display":"","ast-hfb-above-header-display":"","ast-hfb-below-header-display":"","ast-hfb-mobile-header-display":"","site-post-title":"disabled","ast-breadcrumbs-content":"","ast-featured-img":"disabled","footer-sml-layout":"","theme-transparent-header-meta":"","adv-header-id-meta":"","stick-header-meta":"","header-above-stick-meta":"","header-main-stick-meta":"","header-below-stick-meta":"","astra-migrate-meta-layouts":"default","ast-page-background-enabled":"default","ast-page-background-meta":{"desktop":{"background-color":"var(--ast-global-color-4)","background-image":"","background-repeat":"repeat","background-position":"center center","background-size":"auto","background-attachment":"scroll","background-type":"","background-media":"","overlay-type":"","overlay-color":"","overlay-opacity":"","overlay-gradient":""},"tablet":{"background-color":"","background-image":"","background-repeat":"repeat","background-position":"center center","background-size":"auto","background-attachment":"scroll","background-type":"","background-media":"","overlay-type":"","overlay-color":"","overlay-opacity":"","overlay-gradient":""},"mobile":{"background-color":"","background-image":"","background-repeat":"repeat","background-position":"center center","background-size":"auto","background-attachment":"scroll","background-type":"","background-media":"","overlay-type":"","overlay-color":"","overlay-opacity":"","overlay-gradient":""}},"ast-content-background-meta":{"desktop":{"background-color":"var(--ast-global-color-5)","background-image":"","background-repeat":"repeat","background-position":"center center","background-size":"auto","background-attachment":"scroll","background-type":"","background-media":"","overlay-type":"","overlay-color":"","overlay-opacity":"","overlay-gradient":""},"tablet":{"background-color":"var(--ast-global-color-5)","background-image":"","background-repeat":"repeat","background-position":"center center","background-size":"auto","background-attachment":"scroll","background-type":"","background-media":"","overlay-type":"","overlay-color":"","overlay-opacity":"","overlay-gradient":""},"mobile":{"background-color":"var(--ast-global-color-5)","background-image":"","background-repeat":"repeat","background-position":"center center","background-size":"auto","background-attachment":"scroll","background-type":"","background-media":"","overlay-type":"","overlay-color":"","overlay-opacity":"","overlay-gradient":""}},"footnotes":""},"class_list":["post-171","page","type-page","status-publish","hentry"],"_links":{"self":[{"href":"https:\/\/brandroots.agency\/ro\/wp-json\/wp\/v2\/pages\/171","targetHints":{"allow":["GET"]}}],"collection":[{"href":"https:\/\/brandroots.agency\/ro\/wp-json\/wp\/v2\/pages"}],"about":[{"href":"https:\/\/brandroots.agency\/ro\/wp-json\/wp\/v2\/types\/page"}],"author":[{"embeddable":true,"href":"https:\/\/brandroots.agency\/ro\/wp-json\/wp\/v2\/users\/1"}],"replies":[{"embeddable":true,"href":"https:\/\/brandroots.agency\/ro\/wp-json\/wp\/v2\/comments?post=171"}],"version-history":[{"count":24,"href":"https:\/\/brandroots.agency\/ro\/wp-json\/wp\/v2\/pages\/171\/revisions"}],"predecessor-version":[{"id":2251,"href":"https:\/\/brandroots.agency\/ro\/wp-json\/wp\/v2\/pages\/171\/revisions\/2251"}],"wp:attachment":[{"href":"https:\/\/brandroots.agency\/ro\/wp-json\/wp\/v2\/media?parent=171"}],"curies":[{"name":"wp","href":"https:\/\/api.w.org\/{rel}","templated":true}]}}