{"id":169,"date":"2024-04-28T13:03:28","date_gmt":"2024-04-28T13:03:28","guid":{"rendered":"https:\/\/brandroots.agency\/?page_id=169"},"modified":"2024-08-19T10:08:25","modified_gmt":"2024-08-19T10:08:25","slug":"copyright","status":"publish","type":"page","link":"https:\/\/brandroots.agency\/ro\/copyright\/","title":{"rendered":"Drepturi de autor"},"content":{"rendered":"\t\t<div data-elementor-type=\"wp-page\" data-elementor-id=\"169\" class=\"elementor elementor-169\">\n\t\t\t\t<div class=\"elementor-element elementor-element-c3d1d3d e-flex e-con-boxed e-con e-parent\" data-id=\"c3d1d3d\" data-element_type=\"container\">\n\t\t\t\t\t<div class=\"e-con-inner\">\n\t\t\t\t<div class=\"elementor-element elementor-element-21367af elementor-widget elementor-widget-heading\" data-id=\"21367af\" data-element_type=\"widget\" data-widget_type=\"heading.default\">\n\t\t\t\t<div class=\"elementor-widget-container\">\n\t\t\t\t\t<h1 class=\"elementor-heading-title elementor-size-default\">Drepturi de autor<\/h1>\t\t\t\t<\/div>\n\t\t\t\t<\/div>\n\t\t\t\t<div class=\"elementor-element elementor-element-0536a7c elementor-widget elementor-widget-text-editor\" data-id=\"0536a7c\" data-element_type=\"widget\" data-widget_type=\"text-editor.default\">\n\t\t\t\t<div class=\"elementor-widget-container\">\n\t\t\t\t\t\t\t\t\t<p><span style=\"font-weight: 400;\">Drepturile de autor protejeaz\u0103 crea\u021biile originale din diverse domenii precum literatur\u0103, muzic\u0103, art\u0103, software \u0219i alte forme de exprimare. Aceste drepturi ofer\u0103 autorilor controlul exclusiv asupra modului \u00een care operele lor sunt utilizate \u0219i distribuite.<\/span><\/p><p>Po\u021bi beneficia de expertiza noastr\u0103 \u00een acest domeniu, economisind timp \u0219i resurse prin gestionarea profesionist\u0103 a procedurilor legale necesare, asigur\u00e2nd totodat\u0103 respectarea \u0219i ap\u0103rarea corespunz\u0103toare a drepturilor de autor, oferind astfel o protec\u021bie eficient\u0103 a operei tale.<\/p>\t\t\t\t\t\t\t\t<\/div>\n\t\t\t\t<\/div>\n\t\t\t\t<div class=\"elementor-element elementor-element-9448ad6 elementor-widget elementor-widget-heading\" data-id=\"9448ad6\" data-element_type=\"widget\" data-widget_type=\"heading.default\">\n\t\t\t\t<div class=\"elementor-widget-container\">\n\t\t\t\t\t<h3 class=\"elementor-heading-title elementor-size-default\">Ce servicii oferim?<\/h3>\t\t\t\t<\/div>\n\t\t\t\t<\/div>\n\t\t\t\t\t<\/div>\n\t\t\t\t<\/div>\n\t\t<div class=\"elementor-element elementor-element-fbf318c e-flex e-con-boxed e-con e-parent\" data-id=\"fbf318c\" data-element_type=\"container\">\n\t\t\t\t\t<div class=\"e-con-inner\">\n\t\t<div class=\"elementor-element elementor-element-c2fb2b4 e-con-full elementor-hidden-mobile e-flex e-con e-child\" data-id=\"c2fb2b4\" data-element_type=\"container\">\n\t\t\t\t<\/div>\n\t\t<div class=\"elementor-element elementor-element-a5855f3 e-con-full e-flex e-con e-child\" data-id=\"a5855f3\" data-element_type=\"container\">\n\t\t<div class=\"elementor-element elementor-element-dca2057 e-con-full e-flex e-con e-child\" data-id=\"dca2057\" data-element_type=\"container\">\n\t\t\t\t<div class=\"elementor-element elementor-element-553b2e5 elementor-view-default elementor-widget elementor-widget-icon\" data-id=\"553b2e5\" data-element_type=\"widget\" data-widget_type=\"icon.default\">\n\t\t\t\t<div class=\"elementor-widget-container\">\n\t\t\t\t\t\t\t<div class=\"elementor-icon-wrapper\">\n\t\t\t<div class=\"elementor-icon\">\n\t\t\t<svg aria-hidden=\"true\" class=\"e-font-icon-svg e-fas-circle\" viewBox=\"0 0 512 512\" xmlns=\"http:\/\/www.w3.org\/2000\/svg\"><path d=\"M256 8C119 8 8 119 8 256s111 248 248 248 248-111 248-248S393 8 256 8z\"><\/path><\/svg>\t\t\t<\/div>\n\t\t<\/div>\n\t\t\t\t\t\t<\/div>\n\t\t\t\t<\/div>\n\t\t<div class=\"elementor-element elementor-element-4f6ebd8 e-con-full e-flex e-con e-child\" data-id=\"4f6ebd8\" data-element_type=\"container\">\n\t\t\t\t<div class=\"elementor-element elementor-element-485ce8a elementor-widget elementor-widget-heading\" data-id=\"485ce8a\" data-element_type=\"widget\" data-widget_type=\"heading.default\">\n\t\t\t\t<div class=\"elementor-widget-container\">\n\t\t\t\t\t<h3 class=\"elementor-heading-title elementor-size-default\">a. Preg\u0103tirea \u0219i depunerea documenta\u021biei necesare la autorit\u0103\u021bile\/organismele competente (ex. ORDA)\n<\/h3>\t\t\t\t<\/div>\n\t\t\t\t<\/div>\n\t\t\t\t<\/div>\n\t\t\t\t<\/div>\n\t\t<div class=\"elementor-element elementor-element-9d94473 e-con-full e-flex e-con e-child\" data-id=\"9d94473\" data-element_type=\"container\">\n\t\t\t\t<div class=\"elementor-element elementor-element-ab307ef elementor-view-default elementor-widget elementor-widget-icon\" data-id=\"ab307ef\" data-element_type=\"widget\" data-widget_type=\"icon.default\">\n\t\t\t\t<div class=\"elementor-widget-container\">\n\t\t\t\t\t\t\t<div class=\"elementor-icon-wrapper\">\n\t\t\t<div class=\"elementor-icon\">\n\t\t\t<svg aria-hidden=\"true\" class=\"e-font-icon-svg e-fas-circle\" viewBox=\"0 0 512 512\" xmlns=\"http:\/\/www.w3.org\/2000\/svg\"><path d=\"M256 8C119 8 8 119 8 256s111 248 248 248 248-111 248-248S393 8 256 8z\"><\/path><\/svg>\t\t\t<\/div>\n\t\t<\/div>\n\t\t\t\t\t\t<\/div>\n\t\t\t\t<\/div>\n\t\t<div class=\"elementor-element elementor-element-915beb4 e-con-full e-flex e-con e-child\" data-id=\"915beb4\" data-element_type=\"container\">\n\t\t\t\t<div class=\"elementor-element elementor-element-84c86f7 elementor-widget elementor-widget-heading\" data-id=\"84c86f7\" data-element_type=\"widget\" data-widget_type=\"heading.default\">\n\t\t\t\t<div class=\"elementor-widget-container\">\n\t\t\t\t\t<h3 class=\"elementor-heading-title elementor-size-default\">b. Asisten\u021b\u0103 \u00een vederea ob\u021binerii certificatelor de \u00eenscriere \u00een Registrele na\u021bionale (al fonogramelor, al operelor, al videogramelor, al programelor pentru calculator)\n<\/h3>\t\t\t\t<\/div>\n\t\t\t\t<\/div>\n\t\t\t\t<\/div>\n\t\t\t\t<\/div>\n\t\t<div class=\"elementor-element elementor-element-d6661b8 e-con-full e-flex e-con e-child\" data-id=\"d6661b8\" data-element_type=\"container\">\n\t\t\t\t<div class=\"elementor-element elementor-element-64160a6 elementor-view-default elementor-widget elementor-widget-icon\" data-id=\"64160a6\" data-element_type=\"widget\" data-widget_type=\"icon.default\">\n\t\t\t\t<div class=\"elementor-widget-container\">\n\t\t\t\t\t\t\t<div class=\"elementor-icon-wrapper\">\n\t\t\t<div class=\"elementor-icon\">\n\t\t\t<svg aria-hidden=\"true\" class=\"e-font-icon-svg e-fas-circle\" viewBox=\"0 0 512 512\" xmlns=\"http:\/\/www.w3.org\/2000\/svg\"><path d=\"M256 8C119 8 8 119 8 256s111 248 248 248 248-111 248-248S393 8 256 8z\"><\/path><\/svg>\t\t\t<\/div>\n\t\t<\/div>\n\t\t\t\t\t\t<\/div>\n\t\t\t\t<\/div>\n\t\t<div class=\"elementor-element elementor-element-5250b9c e-con-full e-flex e-con e-child\" data-id=\"5250b9c\" data-element_type=\"container\">\n\t\t\t\t<div class=\"elementor-element elementor-element-c657bfe elementor-widget elementor-widget-heading\" data-id=\"c657bfe\" data-element_type=\"widget\" data-widget_type=\"heading.default\">\n\t\t\t\t<div class=\"elementor-widget-container\">\n\t\t\t\t\t<h3 class=\"elementor-heading-title elementor-size-default\">c. Informare detaliat\u0103 privind legisla\u021bia na\u021bional\u0103 \u0219i interna\u021bional\u0103 \u00een materie de drepturi de autor\n<\/h3>\t\t\t\t<\/div>\n\t\t\t\t<\/div>\n\t\t\t\t<\/div>\n\t\t\t\t<\/div>\n\t\t<div class=\"elementor-element elementor-element-11bc590 e-con-full e-flex e-con e-child\" data-id=\"11bc590\" data-element_type=\"container\">\n\t\t\t\t<div class=\"elementor-element elementor-element-a46b42e elementor-view-default elementor-widget elementor-widget-icon\" data-id=\"a46b42e\" data-element_type=\"widget\" data-widget_type=\"icon.default\">\n\t\t\t\t<div class=\"elementor-widget-container\">\n\t\t\t\t\t\t\t<div class=\"elementor-icon-wrapper\">\n\t\t\t<div class=\"elementor-icon\">\n\t\t\t<svg aria-hidden=\"true\" class=\"e-font-icon-svg e-fas-circle\" viewBox=\"0 0 512 512\" xmlns=\"http:\/\/www.w3.org\/2000\/svg\"><path d=\"M256 8C119 8 8 119 8 256s111 248 248 248 248-111 248-248S393 8 256 8z\"><\/path><\/svg>\t\t\t<\/div>\n\t\t<\/div>\n\t\t\t\t\t\t<\/div>\n\t\t\t\t<\/div>\n\t\t<div class=\"elementor-element elementor-element-a712f82 e-con-full e-flex e-con e-child\" data-id=\"a712f82\" data-element_type=\"container\">\n\t\t\t\t<div class=\"elementor-element elementor-element-a3ca874 elementor-widget elementor-widget-heading\" data-id=\"a3ca874\" data-element_type=\"widget\" data-widget_type=\"heading.default\">\n\t\t\t\t<div class=\"elementor-widget-container\">\n\t\t\t\t\t<h3 class=\"elementor-heading-title elementor-size-default\">d. Asisten\u021b\u0103 pentru prevenirea \u0219i gestionarea litigiilor\n<\/h3>\t\t\t\t<\/div>\n\t\t\t\t<\/div>\n\t\t\t\t<div class=\"elementor-element elementor-element-6a2060d elementor-widget elementor-widget-text-editor\" data-id=\"6a2060d\" data-element_type=\"widget\" data-widget_type=\"text-editor.default\">\n\t\t\t\t<div class=\"elementor-widget-container\">\n\t\t\t\t\t\t\t\t\t<ul><li style=\"font-weight: 400;\" aria-checked=\"false\" aria-level=\"1\">Include negocierea \u0219i solu\u021bionarea litigiilor pe cale amiabil\u0103 sau judiciar\u0103, ini\u021bierea de ac\u021biuni legale \u00eempotriva celor care \u00eencalc\u0103 drepturile de autor<\/li><\/ul>\t\t\t\t\t\t\t\t<\/div>\n\t\t\t\t<\/div>\n\t\t\t\t<\/div>\n\t\t\t\t<\/div>\n\t\t<div class=\"elementor-element elementor-element-e3f4725 e-con-full e-flex e-con e-child\" data-id=\"e3f4725\" data-element_type=\"container\">\n\t\t\t\t<div class=\"elementor-element elementor-element-8f3ee20 elementor-view-default elementor-widget elementor-widget-icon\" data-id=\"8f3ee20\" data-element_type=\"widget\" data-widget_type=\"icon.default\">\n\t\t\t\t<div class=\"elementor-widget-container\">\n\t\t\t\t\t\t\t<div class=\"elementor-icon-wrapper\">\n\t\t\t<div class=\"elementor-icon\">\n\t\t\t<svg aria-hidden=\"true\" class=\"e-font-icon-svg e-fas-circle\" viewBox=\"0 0 512 512\" xmlns=\"http:\/\/www.w3.org\/2000\/svg\"><path d=\"M256 8C119 8 8 119 8 256s111 248 248 248 248-111 248-248S393 8 256 8z\"><\/path><\/svg>\t\t\t<\/div>\n\t\t<\/div>\n\t\t\t\t\t\t<\/div>\n\t\t\t\t<\/div>\n\t\t<div class=\"elementor-element elementor-element-15fc38f e-con-full e-flex e-con e-child\" data-id=\"15fc38f\" data-element_type=\"container\">\n\t\t\t\t<div class=\"elementor-element elementor-element-f45b1cd elementor-widget elementor-widget-heading\" data-id=\"f45b1cd\" data-element_type=\"widget\" data-widget_type=\"heading.default\">\n\t\t\t\t<div class=\"elementor-widget-container\">\n\t\t\t\t\t<h3 class=\"elementor-heading-title elementor-size-default\">e. Redactarea \u0219i negocierea contractelor de cesiune sau licen\u021b\u0103 a drepturilor de autor\n<\/h3>\t\t\t\t<\/div>\n\t\t\t\t<\/div>\n\t\t\t\t<\/div>\n\t\t\t\t<\/div>\n\t\t\t\t<\/div>\n\t\t\t\t\t<\/div>\n\t\t\t\t<\/div>\n\t\t\t\t<\/div>\n\t\t","protected":false},"excerpt":{"rendered":"<p>Drepturi de autor Drepturile de autor protejeaz\u0103 crea\u021biile originale din diverse domenii precum literatur\u0103, muzic\u0103, art\u0103, software \u0219i alte forme [&hellip;]<\/p>\n","protected":false},"author":1,"featured_media":0,"parent":0,"menu_order":0,"comment_status":"closed","ping_status":"closed","template":"","meta":{"site-sidebar-layout":"no-sidebar","site-content-layout":"","ast-site-content-layout":"full-width-container","site-content-style":"default","site-sidebar-style":"default","ast-global-header-display":"","ast-banner-title-visibility":"","ast-main-header-display":"","ast-hfb-above-header-display":"","ast-hfb-below-header-display":"","ast-hfb-mobile-header-display":"","site-post-title":"disabled","ast-breadcrumbs-content":"","ast-featured-img":"disabled","footer-sml-layout":"","theme-transparent-header-meta":"","adv-header-id-meta":"","stick-header-meta":"","header-above-stick-meta":"","header-main-stick-meta":"","header-below-stick-meta":"","astra-migrate-meta-layouts":"default","ast-page-background-enabled":"default","ast-page-background-meta":{"desktop":{"background-color":"var(--ast-global-color-4)","background-image":"","background-repeat":"repeat","background-position":"center center","background-size":"auto","background-attachment":"scroll","background-type":"","background-media":"","overlay-type":"","overlay-color":"","overlay-opacity":"","overlay-gradient":""},"tablet":{"background-color":"","background-image":"","background-repeat":"repeat","background-position":"center center","background-size":"auto","background-attachment":"scroll","background-type":"","background-media":"","overlay-type":"","overlay-color":"","overlay-opacity":"","overlay-gradient":""},"mobile":{"background-color":"","background-image":"","background-repeat":"repeat","background-position":"center center","background-size":"auto","background-attachment":"scroll","background-type":"","background-media":"","overlay-type":"","overlay-color":"","overlay-opacity":"","overlay-gradient":""}},"ast-content-background-meta":{"desktop":{"background-color":"var(--ast-global-color-5)","background-image":"","background-repeat":"repeat","background-position":"center center","background-size":"auto","background-attachment":"scroll","background-type":"","background-media":"","overlay-type":"","overlay-color":"","overlay-opacity":"","overlay-gradient":""},"tablet":{"background-color":"var(--ast-global-color-5)","background-image":"","background-repeat":"repeat","background-position":"center center","background-size":"auto","background-attachment":"scroll","background-type":"","background-media":"","overlay-type":"","overlay-color":"","overlay-opacity":"","overlay-gradient":""},"mobile":{"background-color":"var(--ast-global-color-5)","background-image":"","background-repeat":"repeat","background-position":"center center","background-size":"auto","background-attachment":"scroll","background-type":"","background-media":"","overlay-type":"","overlay-color":"","overlay-opacity":"","overlay-gradient":""}},"footnotes":""},"class_list":["post-169","page","type-page","status-publish","hentry"],"_links":{"self":[{"href":"https:\/\/brandroots.agency\/ro\/wp-json\/wp\/v2\/pages\/169","targetHints":{"allow":["GET"]}}],"collection":[{"href":"https:\/\/brandroots.agency\/ro\/wp-json\/wp\/v2\/pages"}],"about":[{"href":"https:\/\/brandroots.agency\/ro\/wp-json\/wp\/v2\/types\/page"}],"author":[{"embeddable":true,"href":"https:\/\/brandroots.agency\/ro\/wp-json\/wp\/v2\/users\/1"}],"replies":[{"embeddable":true,"href":"https:\/\/brandroots.agency\/ro\/wp-json\/wp\/v2\/comments?post=169"}],"version-history":[{"count":20,"href":"https:\/\/brandroots.agency\/ro\/wp-json\/wp\/v2\/pages\/169\/revisions"}],"predecessor-version":[{"id":2242,"href":"https:\/\/brandroots.agency\/ro\/wp-json\/wp\/v2\/pages\/169\/revisions\/2242"}],"wp:attachment":[{"href":"https:\/\/brandroots.agency\/ro\/wp-json\/wp\/v2\/media?parent=169"}],"curies":[{"name":"wp","href":"https:\/\/api.w.org\/{rel}","templated":true}]}}