{"id":167,"date":"2024-04-28T13:03:17","date_gmt":"2024-04-28T13:03:17","guid":{"rendered":"https:\/\/brandroots.agency\/?page_id=167"},"modified":"2024-08-19T10:09:05","modified_gmt":"2024-08-19T10:09:05","slug":"drawings-and-industrial-design","status":"publish","type":"page","link":"https:\/\/brandroots.agency\/ro\/drawings-and-industrial-design\/","title":{"rendered":"Desene \u0219i Modele Industriale"},"content":{"rendered":"\t\t<div data-elementor-type=\"wp-page\" data-elementor-id=\"167\" class=\"elementor elementor-167\">\n\t\t\t\t<div class=\"elementor-element elementor-element-52d76c7 e-flex e-con-boxed e-con e-parent\" data-id=\"52d76c7\" data-element_type=\"container\">\n\t\t\t\t\t<div class=\"e-con-inner\">\n\t\t\t\t<div class=\"elementor-element elementor-element-87325cc elementor-widget elementor-widget-heading\" data-id=\"87325cc\" data-element_type=\"widget\" data-widget_type=\"heading.default\">\n\t\t\t\t<div class=\"elementor-widget-container\">\n\t\t\t\t\t<h1 class=\"elementor-heading-title elementor-size-default\">Desene &amp; Modele Industriale<\/h1>\t\t\t\t<\/div>\n\t\t\t\t<\/div>\n\t\t\t\t\t<\/div>\n\t\t\t\t<\/div>\n\t\t<div class=\"elementor-element elementor-element-353be7b e-flex e-con-boxed e-con e-child\" data-id=\"353be7b\" data-element_type=\"container\">\n\t\t\t\t\t<div class=\"e-con-inner\">\n\t\t<div class=\"elementor-element elementor-element-35d7492 e-con-full elementor-hidden-mobile e-flex e-con e-child\" data-id=\"35d7492\" data-element_type=\"container\">\n\t\t\t\t<\/div>\n\t\t<div class=\"elementor-element elementor-element-8e53cb1 e-con-full e-flex e-con e-child\" data-id=\"8e53cb1\" data-element_type=\"container\">\n\t\t<div class=\"elementor-element elementor-element-26673d3 e-con-full e-flex e-con e-child\" data-id=\"26673d3\" data-element_type=\"container\">\n\t\t\t\t<div class=\"elementor-element elementor-element-46d60fd elementor-view-default elementor-widget elementor-widget-icon\" data-id=\"46d60fd\" data-element_type=\"widget\" data-widget_type=\"icon.default\">\n\t\t\t\t<div class=\"elementor-widget-container\">\n\t\t\t\t\t\t\t<div class=\"elementor-icon-wrapper\">\n\t\t\t<div class=\"elementor-icon\">\n\t\t\t<svg aria-hidden=\"true\" class=\"e-font-icon-svg e-fas-circle\" viewBox=\"0 0 512 512\" xmlns=\"http:\/\/www.w3.org\/2000\/svg\"><path d=\"M256 8C119 8 8 119 8 256s111 248 248 248 248-111 248-248S393 8 256 8z\"><\/path><\/svg>\t\t\t<\/div>\n\t\t<\/div>\n\t\t\t\t\t\t<\/div>\n\t\t\t\t<\/div>\n\t\t<div class=\"elementor-element elementor-element-af8ca79 e-con-full e-flex e-con e-child\" data-id=\"af8ca79\" data-element_type=\"container\">\n\t\t\t\t<div class=\"elementor-element elementor-element-598b09b elementor-widget elementor-widget-heading\" data-id=\"598b09b\" data-element_type=\"widget\" data-widget_type=\"heading.default\">\n\t\t\t\t<div class=\"elementor-widget-container\">\n\t\t\t\t\t<h3 class=\"elementor-heading-title elementor-size-default\">a. Defini\u021bie<\/h3>\t\t\t\t<\/div>\n\t\t\t\t<\/div>\n\t\t\t\t<div class=\"elementor-element elementor-element-20d0b37 elementor-widget elementor-widget-text-editor\" data-id=\"20d0b37\" data-element_type=\"widget\" data-widget_type=\"text-editor.default\">\n\t\t\t\t<div class=\"elementor-widget-container\">\n\t\t\t\t\t\t\t\t\t<ul><li><span style=\"font-weight: 400;\"><strong>Desen:<\/strong> Reprezentarea bidimensional\u0103 a unui produs, incluz\u00e2nd linii, contururi, culori, forme, texturi, \u0219i materiale.<\/span><\/li><li><span style=\"font-weight: 400;\"><strong>Model:<\/strong> Reprezentarea tridimensional\u0103 a unui produs, reflect\u00e2nd acelea\u0219i elemente vizuale ca desenul, dar \u00een 3D.<\/span><\/li><\/ul>\t\t\t\t\t\t\t\t<\/div>\n\t\t\t\t<\/div>\n\t\t\t\t<\/div>\n\t\t\t\t<\/div>\n\t\t<div class=\"elementor-element elementor-element-be4ee98 e-con-full e-flex e-con e-child\" data-id=\"be4ee98\" data-element_type=\"container\">\n\t\t\t\t<div class=\"elementor-element elementor-element-ac40f86 elementor-view-default elementor-widget elementor-widget-icon\" data-id=\"ac40f86\" data-element_type=\"widget\" data-widget_type=\"icon.default\">\n\t\t\t\t<div class=\"elementor-widget-container\">\n\t\t\t\t\t\t\t<div class=\"elementor-icon-wrapper\">\n\t\t\t<div class=\"elementor-icon\">\n\t\t\t<svg aria-hidden=\"true\" class=\"e-font-icon-svg e-fas-circle\" viewBox=\"0 0 512 512\" xmlns=\"http:\/\/www.w3.org\/2000\/svg\"><path d=\"M256 8C119 8 8 119 8 256s111 248 248 248 248-111 248-248S393 8 256 8z\"><\/path><\/svg>\t\t\t<\/div>\n\t\t<\/div>\n\t\t\t\t\t\t<\/div>\n\t\t\t\t<\/div>\n\t\t<div class=\"elementor-element elementor-element-0e6ff43 e-con-full e-flex e-con e-child\" data-id=\"0e6ff43\" data-element_type=\"container\">\n\t\t\t\t<div class=\"elementor-element elementor-element-ee2a309 elementor-widget elementor-widget-heading\" data-id=\"ee2a309\" data-element_type=\"widget\" data-widget_type=\"heading.default\">\n\t\t\t\t<div class=\"elementor-widget-container\">\n\t\t\t\t\t<h3 class=\"elementor-heading-title elementor-size-default\">b. De ce e important\u0103 protec\u021bia?<\/h3>\t\t\t\t<\/div>\n\t\t\t\t<\/div>\n\t\t\t\t<div class=\"elementor-element elementor-element-11371de elementor-widget elementor-widget-text-editor\" data-id=\"11371de\" data-element_type=\"widget\" data-widget_type=\"text-editor.default\">\n\t\t\t\t<div class=\"elementor-widget-container\">\n\t\t\t\t\t\t\t\t\t<ul><li><p><span style=\"font-weight: 400;\">Protec\u021bia desenelor \u0219i modelelor industriale ajut\u0103 la prevenirea copierii \u0219i utiliz\u0103rii neautorizate, oferind titularului drepturi exclusive.<\/span><\/p><\/li><\/ul>\t\t\t\t\t\t\t\t<\/div>\n\t\t\t\t<\/div>\n\t\t\t\t<\/div>\n\t\t\t\t<\/div>\n\t\t<div class=\"elementor-element elementor-element-1d4ec9c e-con-full e-flex e-con e-child\" data-id=\"1d4ec9c\" data-element_type=\"container\">\n\t\t\t\t<div class=\"elementor-element elementor-element-163cbe3 elementor-view-default elementor-widget elementor-widget-icon\" data-id=\"163cbe3\" data-element_type=\"widget\" data-widget_type=\"icon.default\">\n\t\t\t\t<div class=\"elementor-widget-container\">\n\t\t\t\t\t\t\t<div class=\"elementor-icon-wrapper\">\n\t\t\t<div class=\"elementor-icon\">\n\t\t\t<svg aria-hidden=\"true\" class=\"e-font-icon-svg e-fas-circle\" viewBox=\"0 0 512 512\" xmlns=\"http:\/\/www.w3.org\/2000\/svg\"><path d=\"M256 8C119 8 8 119 8 256s111 248 248 248 248-111 248-248S393 8 256 8z\"><\/path><\/svg>\t\t\t<\/div>\n\t\t<\/div>\n\t\t\t\t\t\t<\/div>\n\t\t\t\t<\/div>\n\t\t<div class=\"elementor-element elementor-element-d3e4c1b e-con-full e-flex e-con e-child\" data-id=\"d3e4c1b\" data-element_type=\"container\">\n\t\t\t\t<div class=\"elementor-element elementor-element-30048de elementor-widget elementor-widget-heading\" data-id=\"30048de\" data-element_type=\"widget\" data-widget_type=\"heading.default\">\n\t\t\t\t<div class=\"elementor-widget-container\">\n\t\t\t\t\t<h3 class=\"elementor-heading-title elementor-size-default\">c. Care este procedura de \u00eenregistrare?<\/h3>\t\t\t\t<\/div>\n\t\t\t\t<\/div>\n\t\t\t\t<div class=\"elementor-element elementor-element-9ac766f elementor-widget elementor-widget-text-editor\" data-id=\"9ac766f\" data-element_type=\"widget\" data-widget_type=\"text-editor.default\">\n\t\t\t\t<div class=\"elementor-widget-container\">\n\t\t\t\t\t\t\t\t\t<ul>\n \t<li>Complet\u0103m cererea de \u00eenregistrare a desenului sau modelului industrial.<\/li>\n \t<li>Includem descrieri detaliate \u0219i reprezent\u0103ri grafice.<\/li>\n \t<li>Se pl\u0103tesc taxele aferente \u00eenregistr\u0103rii.<\/li>\n<\/ul>\t\t\t\t\t\t\t\t<\/div>\n\t\t\t\t<\/div>\n\t\t\t\t<\/div>\n\t\t\t\t<\/div>\n\t\t<div class=\"elementor-element elementor-element-c891cec e-con-full e-flex e-con e-child\" data-id=\"c891cec\" data-element_type=\"container\">\n\t\t\t\t<div class=\"elementor-element elementor-element-3f7198d elementor-view-default elementor-widget elementor-widget-icon\" data-id=\"3f7198d\" data-element_type=\"widget\" data-widget_type=\"icon.default\">\n\t\t\t\t<div class=\"elementor-widget-container\">\n\t\t\t\t\t\t\t<div class=\"elementor-icon-wrapper\">\n\t\t\t<div class=\"elementor-icon\">\n\t\t\t<svg aria-hidden=\"true\" class=\"e-font-icon-svg e-fas-circle\" viewBox=\"0 0 512 512\" xmlns=\"http:\/\/www.w3.org\/2000\/svg\"><path d=\"M256 8C119 8 8 119 8 256s111 248 248 248 248-111 248-248S393 8 256 8z\"><\/path><\/svg>\t\t\t<\/div>\n\t\t<\/div>\n\t\t\t\t\t\t<\/div>\n\t\t\t\t<\/div>\n\t\t<div class=\"elementor-element elementor-element-1922cfd e-con-full e-flex e-con e-child\" data-id=\"1922cfd\" data-element_type=\"container\">\n\t\t\t\t<div class=\"elementor-element elementor-element-2f032c1 elementor-widget elementor-widget-heading\" data-id=\"2f032c1\" data-element_type=\"widget\" data-widget_type=\"heading.default\">\n\t\t\t\t<div class=\"elementor-widget-container\">\n\t\t\t\t\t<h3 class=\"elementor-heading-title elementor-size-default\">d. C\u00e2t este valabil\u0103 protec\u021bia?<\/h3>\t\t\t\t<\/div>\n\t\t\t\t<\/div>\n\t\t\t\t<div class=\"elementor-element elementor-element-1d23a25 elementor-widget elementor-widget-text-editor\" data-id=\"1d23a25\" data-element_type=\"widget\" data-widget_type=\"text-editor.default\">\n\t\t\t\t<div class=\"elementor-widget-container\">\n\t\t\t\t\t\t\t\t\t<ul><li style=\"font-weight: 400;\" aria-level=\"2\"><p><span style=\"font-weight: 400;\">Protec\u021bia este valabil\u0103 pe o perioad\u0103 ini\u021bial\u0103 de 5 ani, cu posibilitatea de re\u00eennoire p\u00e2n\u0103 la 25 de ani.<\/span><\/p><\/li><\/ul>\t\t\t\t\t\t\t\t<\/div>\n\t\t\t\t<\/div>\n\t\t\t\t<\/div>\n\t\t\t\t<\/div>\n\t\t<div class=\"elementor-element elementor-element-9639854 e-con-full e-flex e-con e-child\" data-id=\"9639854\" data-element_type=\"container\">\n\t\t\t\t<div class=\"elementor-element elementor-element-192cf72 elementor-view-default elementor-widget elementor-widget-icon\" data-id=\"192cf72\" data-element_type=\"widget\" data-widget_type=\"icon.default\">\n\t\t\t\t<div class=\"elementor-widget-container\">\n\t\t\t\t\t\t\t<div class=\"elementor-icon-wrapper\">\n\t\t\t<div class=\"elementor-icon\">\n\t\t\t<svg aria-hidden=\"true\" class=\"e-font-icon-svg e-fas-circle\" viewBox=\"0 0 512 512\" xmlns=\"http:\/\/www.w3.org\/2000\/svg\"><path d=\"M256 8C119 8 8 119 8 256s111 248 248 248 248-111 248-248S393 8 256 8z\"><\/path><\/svg>\t\t\t<\/div>\n\t\t<\/div>\n\t\t\t\t\t\t<\/div>\n\t\t\t\t<\/div>\n\t\t<div class=\"elementor-element elementor-element-d87414a e-con-full e-flex e-con e-child\" data-id=\"d87414a\" data-element_type=\"container\">\n\t\t\t\t<div class=\"elementor-element elementor-element-73e5f16 elementor-widget elementor-widget-heading\" data-id=\"73e5f16\" data-element_type=\"widget\" data-widget_type=\"heading.default\">\n\t\t\t\t<div class=\"elementor-widget-container\">\n\t\t\t\t\t<h3 class=\"elementor-heading-title elementor-size-default\">e. Care sunt organiza\u021biile relevante?<\/h3>\t\t\t\t<\/div>\n\t\t\t\t<\/div>\n\t\t\t\t<div class=\"elementor-element elementor-element-dcd29ae elementor-widget elementor-widget-text-editor\" data-id=\"dcd29ae\" data-element_type=\"widget\" data-widget_type=\"text-editor.default\">\n\t\t\t\t<div class=\"elementor-widget-container\">\n\t\t\t\t\t\t\t\t\t<ul><li><span style=\"font-weight: 400;\"><strong>OSIM<\/strong>: Oficiul de Stat pentru Inven\u021bii \u0219i M\u0103rci, responsabil pentru protec\u021bia la nivel na\u021bional.<\/span><\/li><li><span style=\"font-weight: 400;\"><strong>EUIPO<\/strong>: Oficiul Uniunii Europene pentru Proprietate Intelectual\u0103, pentru protec\u021bia la nivel european.<\/span><\/li><li><span style=\"font-weight: 400;\"><strong>OMPI<\/strong>: Organiza\u021bia Mondial\u0103 a Propriet\u0103\u021bii Intelectuale, pentru protec\u021bia interna\u021bional\u0103.<\/span><\/li><\/ul>\t\t\t\t\t\t\t\t<\/div>\n\t\t\t\t<\/div>\n\t\t\t\t<\/div>\n\t\t\t\t<\/div>\n\t\t<div class=\"elementor-element elementor-element-baffbe2 e-con-full e-flex e-con e-child\" data-id=\"baffbe2\" data-element_type=\"container\">\n\t\t\t\t<div class=\"elementor-element elementor-element-a081f78 elementor-view-default elementor-widget elementor-widget-icon\" data-id=\"a081f78\" data-element_type=\"widget\" data-widget_type=\"icon.default\">\n\t\t\t\t<div class=\"elementor-widget-container\">\n\t\t\t\t\t\t\t<div class=\"elementor-icon-wrapper\">\n\t\t\t<div class=\"elementor-icon\">\n\t\t\t<svg aria-hidden=\"true\" class=\"e-font-icon-svg e-fas-circle\" viewBox=\"0 0 512 512\" xmlns=\"http:\/\/www.w3.org\/2000\/svg\"><path d=\"M256 8C119 8 8 119 8 256s111 248 248 248 248-111 248-248S393 8 256 8z\"><\/path><\/svg>\t\t\t<\/div>\n\t\t<\/div>\n\t\t\t\t\t\t<\/div>\n\t\t\t\t<\/div>\n\t\t<div class=\"elementor-element elementor-element-3d4c744 e-con-full e-flex e-con e-child\" data-id=\"3d4c744\" data-element_type=\"container\">\n\t\t\t\t<div class=\"elementor-element elementor-element-5a80998 elementor-widget elementor-widget-heading\" data-id=\"5a80998\" data-element_type=\"widget\" data-widget_type=\"heading.default\">\n\t\t\t\t<div class=\"elementor-widget-container\">\n\t\t\t\t\t<h3 class=\"elementor-heading-title elementor-size-default\">f. Ce beneficii vei avea din protejarea desenelor \u0219i a modelelor industriale?<\/h3>\t\t\t\t<\/div>\n\t\t\t\t<\/div>\n\t\t\t\t<div class=\"elementor-element elementor-element-ccdd655 elementor-widget elementor-widget-text-editor\" data-id=\"ccdd655\" data-element_type=\"widget\" data-widget_type=\"text-editor.default\">\n\t\t\t\t<div class=\"elementor-widget-container\">\n\t\t\t\t\t\t\t\t\t<ul><li style=\"font-weight: 400;\" aria-level=\"2\"><p><span style=\"font-weight: 400;\"><strong>Competitivitate<\/strong>: asigur\u0103 un avantaj competitiv pe pia\u021b\u0103.<\/span><\/p><\/li><li style=\"font-weight: 400;\" aria-level=\"2\"><p><span style=\"font-weight: 400;\"><strong>Monetizare<\/strong>: permite licen\u021bierea sau v\u00e2nzarea desenului\/modelului protejat.<\/span><\/p><\/li><\/ul>\t\t\t\t\t\t\t\t<\/div>\n\t\t\t\t<\/div>\n\t\t\t\t<\/div>\n\t\t\t\t<\/div>\n\t\t\t\t<\/div>\n\t\t\t\t\t<\/div>\n\t\t\t\t<\/div>\n\t\t\t\t<\/div>\n\t\t","protected":false},"excerpt":{"rendered":"<p>Desene &amp; Modele Industriale a. Defini\u021bie Desen: Reprezentarea bidimensional\u0103 a unui produs, incluz\u00e2nd linii, contururi, culori, forme, texturi, \u0219i materiale. [&hellip;]<\/p>\n","protected":false},"author":1,"featured_media":0,"parent":0,"menu_order":0,"comment_status":"closed","ping_status":"closed","template":"","meta":{"site-sidebar-layout":"no-sidebar","site-content-layout":"","ast-site-content-layout":"full-width-container","site-content-style":"default","site-sidebar-style":"default","ast-global-header-display":"","ast-banner-title-visibility":"","ast-main-header-display":"","ast-hfb-above-header-display":"","ast-hfb-below-header-display":"","ast-hfb-mobile-header-display":"","site-post-title":"disabled","ast-breadcrumbs-content":"","ast-featured-img":"disabled","footer-sml-layout":"","theme-transparent-header-meta":"","adv-header-id-meta":"","stick-header-meta":"","header-above-stick-meta":"","header-main-stick-meta":"","header-below-stick-meta":"","astra-migrate-meta-layouts":"default","ast-page-background-enabled":"default","ast-page-background-meta":{"desktop":{"background-color":"var(--ast-global-color-4)","background-image":"","background-repeat":"repeat","background-position":"center center","background-size":"auto","background-attachment":"scroll","background-type":"","background-media":"","overlay-type":"","overlay-color":"","overlay-opacity":"","overlay-gradient":""},"tablet":{"background-color":"","background-image":"","background-repeat":"repeat","background-position":"center center","background-size":"auto","background-attachment":"scroll","background-type":"","background-media":"","overlay-type":"","overlay-color":"","overlay-opacity":"","overlay-gradient":""},"mobile":{"background-color":"","background-image":"","background-repeat":"repeat","background-position":"center center","background-size":"auto","background-attachment":"scroll","background-type":"","background-media":"","overlay-type":"","overlay-color":"","overlay-opacity":"","overlay-gradient":""}},"ast-content-background-meta":{"desktop":{"background-color":"var(--ast-global-color-5)","background-image":"","background-repeat":"repeat","background-position":"center center","background-size":"auto","background-attachment":"scroll","background-type":"","background-media":"","overlay-type":"","overlay-color":"","overlay-opacity":"","overlay-gradient":""},"tablet":{"background-color":"var(--ast-global-color-5)","background-image":"","background-repeat":"repeat","background-position":"center center","background-size":"auto","background-attachment":"scroll","background-type":"","background-media":"","overlay-type":"","overlay-color":"","overlay-opacity":"","overlay-gradient":""},"mobile":{"background-color":"var(--ast-global-color-5)","background-image":"","background-repeat":"repeat","background-position":"center center","background-size":"auto","background-attachment":"scroll","background-type":"","background-media":"","overlay-type":"","overlay-color":"","overlay-opacity":"","overlay-gradient":""}},"footnotes":""},"class_list":["post-167","page","type-page","status-publish","hentry"],"_links":{"self":[{"href":"https:\/\/brandroots.agency\/ro\/wp-json\/wp\/v2\/pages\/167","targetHints":{"allow":["GET"]}}],"collection":[{"href":"https:\/\/brandroots.agency\/ro\/wp-json\/wp\/v2\/pages"}],"about":[{"href":"https:\/\/brandroots.agency\/ro\/wp-json\/wp\/v2\/types\/page"}],"author":[{"embeddable":true,"href":"https:\/\/brandroots.agency\/ro\/wp-json\/wp\/v2\/users\/1"}],"replies":[{"embeddable":true,"href":"https:\/\/brandroots.agency\/ro\/wp-json\/wp\/v2\/comments?post=167"}],"version-history":[{"count":31,"href":"https:\/\/brandroots.agency\/ro\/wp-json\/wp\/v2\/pages\/167\/revisions"}],"predecessor-version":[{"id":2248,"href":"https:\/\/brandroots.agency\/ro\/wp-json\/wp\/v2\/pages\/167\/revisions\/2248"}],"wp:attachment":[{"href":"https:\/\/brandroots.agency\/ro\/wp-json\/wp\/v2\/media?parent=167"}],"curies":[{"name":"wp","href":"https:\/\/api.w.org\/{rel}","templated":true}]}}