{"id":1112,"date":"2024-08-08T17:15:32","date_gmt":"2024-08-08T17:15:32","guid":{"rendered":"https:\/\/brandroots.agency\/?page_id=1112"},"modified":"2024-09-24T15:59:29","modified_gmt":"2024-09-24T12:59:29","slug":"terms-and-conditions","status":"publish","type":"page","link":"https:\/\/brandroots.agency\/ro\/terms-and-conditions\/","title":{"rendered":"Termeni \u0219i condi\u021bii"},"content":{"rendered":"\t\t<div data-elementor-type=\"wp-page\" data-elementor-id=\"1112\" class=\"elementor elementor-1112\">\n\t\t\t\t<div class=\"elementor-element elementor-element-6e11bcb e-flex e-con-boxed e-con e-parent\" data-id=\"6e11bcb\" data-element_type=\"container\">\n\t\t\t\t\t<div class=\"e-con-inner\">\n\t\t\t\t<div class=\"elementor-element elementor-element-4b9d6bd elementor-widget elementor-widget-heading\" data-id=\"4b9d6bd\" data-element_type=\"widget\" data-widget_type=\"heading.default\">\n\t\t\t\t<div class=\"elementor-widget-container\">\n\t\t\t\t\t<h1 class=\"elementor-heading-title elementor-size-default\">Termeni \u0219i condi\u021bii<\/h1>\t\t\t\t<\/div>\n\t\t\t\t<\/div>\n\t\t\t\t<div class=\"elementor-element elementor-element-c000590 elementor-widget elementor-widget-text-editor\" data-id=\"c000590\" data-element_type=\"widget\" data-widget_type=\"text-editor.default\">\n\t\t\t\t<div class=\"elementor-widget-container\">\n\t\t\t\t\t\t\t\t\t\n<ol>\n \t<li><H3>ASPECTE PRELIMINARE<\/H3><\/li>\n<\/ol>\n<ul>\n \t<li>Acces\u00e2nd \u0219i utiliz\u00e2nd acest site, accepta\u021bi integral \u015fi f\u0103r\u0103 rezerve prezentele condi\u021bii \u0219i \u00een\u021belege\u021bi c\u0103 raportul dintre dumneavoastr\u0103 \u0219i Brand Roots Agency SRL (\u00een continuare, <em>Brand Roots<\/em>) se supune \u00een integralitate prezentei politici.<\/li>\n \t<li>\u201cTermeni \u015fi Condi\u021bii\u201d constituie acordul legal dintre dvs., \u00een calitate de Utilizator \u015fi Brand Roots. \u00cenainte de a utiliza acest website, v\u0103 recomand\u0103m s\u0103 citi\u0163i \u00een prealabil aceast\u0103 politic\u0103.<\/li>\n \t<li><strong>Accesarea<\/strong> <strong>\u0219i utilizarea site-ului reprezint\u0103 consim\u021b\u0103m\u00e2ntul dumneavoastr\u0103 necondi\u021bionat, \u00een calitate de Utilizator, privind con\u021binutul prezentei politici. Aceast\u0103 politic\u0103 prezint\u0103 regulile de respectat \u00een orice interac\u021biune direct\u0103 cu site-ul.<\/strong><\/li>\n \t<li>Termenii \u015fi condi\u0163iile pot fi modificate oric\u00e2nd de c\u0103tre Brand Roots, f\u0103r\u0103 a fi necesar\u0103 o notificare prealabil\u0103. Modific\u0103rile \u015fi informa\u0163iile privind valabilitatea acestora vor fi publicate pe acest site, \u00een vederea inform\u0103rii utilizatorilor. Prin urmare, utilizatorii trebuie s\u0103 se raporteze \u00een mod regulat la aceast\u0103 politic\u0103 pentru a verifica con\u0163inutul actualizat al acesteia. Clauzele sunt redactate \u015fi vor fi interpretate \u00een limba rom\u00e2n\u0103. \u00cen cazurile \u00een care este aplicabil, cuvintele la singular vor include \u0219i pluralul \u0219i viceversa.<\/li>\n \t<li>Prezenta politic\u0103 se aplic\u0103 site-ului <a href=\"https:\/\/brandroots.agency\">https:\/\/brandroots.agency<\/a> precum \u015fi site-urilor afiliate sau subdomeniilor aferente.<\/li>\n<\/ul>\n<ol start=\"2\">\n \t<li><H3>DEFINIREA UNOR TERMENI<\/H3><\/li>\n<\/ol>\n<ul>\n \t<li><strong>Societatea\/Furnizor <\/strong>\u2013 reprezint\u0103 Brand Roots Agency SRL, cu sediul \u00een Municipiul Cluj-Napoca, Str. Tatra, nr. 12\/6, Jud. Cluj, cu adres\u0103 de coresponden\u021b\u0103 \u00een Cluj-Napoca, Str. Andrei Mure\u0219anu, nr. 31, jud. Cluj, av\u00e2nd cod fiscal 48817905, care este agen\u021bia de proprietate industrial\u0103 \u0219i care furnizeaz\u0103 servicii specializate \u00een acest domeniu pe website-ul <a href=\"https:\/\/brandroots.agency\">https:\/\/brandroots.agency<\/a> ;<\/li>\n \t<li><strong>Utilizator <\/strong>&#8211; \u00a0orice persoan\u0103 care acceseaz\u0103\/utilizeaz\u0103 site-ul <a href=\"https:\/\/brandroots.agency\">https:\/\/brandroots.agency<\/a> ;<\/li>\n \t<li><strong>Document <\/strong>\u2013 prezenta Politic\u0103 privind Termenii \u015fi Condi\u0163iile, care guverneaz\u0103 raportul dintre Brand Roots \u015fi Utilizator \u015fi care va fi interpretat\u0103 \u00een conformitate cu legea rom\u00e2n\u0103. Orice neconformitate a unei p\u0103r\u0163i sau clauze din prezentul Document cu alte prevederi legale aplicabile nu are efecte asupra valabilit\u0103\u0163ii \u015fi legalit\u0103\u0163ii celorlalte prevederi din prezentul Document.<\/li>\n \t<li><strong>Prelucrarea datelor cu caracter personal<\/strong> \u2013 a se vedea <a href=\"https:\/\/brandroots.agency\/ro\/data-privacy\/\"><u>Politica <\/u><u>privind prelucrarea datelor cu caracter personal<\/u><\/a>;<\/li>\n \t<li><strong>Servicii <\/strong>\u2013 reprezint\u0103 serviciile din domeniul propriet\u0103\u021bii intelectuale, astfel cum sunt acestea descrise \u00een sec\u021biune din website aferente &#8211; <a href=\"https:\/\/brandroots.agency\/ro\/services\/\">https:\/\/brandroots.agency\/ro\/services\/<\/a>.<\/li>\n \t<li><strong>Site <\/strong>\u2013 reprezint\u0103 site-urile \u015fi\/sau subdomeniile adiacente de\u0163inute \u015fi\/sau administrate de c\u0103tre Societate, precum \u015fi orice sec\u0163iuni sau subpagini ale acestora. Site-urile ori alte componente ale acestora ce apar\u0163in unor ter\u0163i \u015fi care sunt accesate de c\u0103tre Utilizatori ca urmare a leg\u0103turilor sau redirec\u0163ion\u0103rilor disponibile pe site-urile Societ\u0103\u0163ii nu fac obiectul \u015fi nici nu intr\u0103 \u00een sfera acestei defini\u0163ii.<\/li>\n \t<li><strong>Politici adiacente\/specifice <\/strong>\u2013 Reprezint\u0103 politici specifice aplicabile anumitor Proiecte, acolo unde este cazul. \u00cen situa\u0163ia \u00een care nu se face referire la o politic\u0103 adiacent\u0103\/specific\u0103, atunci prezenta Politic\u0103 Termeni &amp; Condi\u0163ii se aplic\u0103 integral oric\u0103rui Proiect al Brand Roots.<\/li>\n<\/ul>\n<ol start=\"3\">\n \t<li><H3>CONDI\u021aII DE UTILIZARE<\/H3><\/li>\n<\/ol>\n<ul>\n \t<li>Accesarea \u015fi utilizarea acestui website se realizeaz\u0103 \u00een acord \u0219i se supune \u00een totalitate prevederilor prezentului Document.<\/li>\n \t<li>Prin accesarea\/utilizarea site-ului <a href=\"https:\/\/brandroots.agency\">https:\/\/brandroots.agency<\/a>, utilizatorii declar\u0103 c\u0103 sunt de acord \u015fi accept\u0103 implicit aplicabilitatea prezentelor prevederi.<\/li>\n<\/ul>\n<ol start=\"4\">\n \t<li><H3>DREPTURI DE AUTOR<\/H3><\/li>\n<\/ol>\n<ul>\n \t<li>Societatea de\u021bine titlul deplin \u0219i complet asupra fi\u0219ierelor, pozelor \u0219i materialelor publicate pe website, precum \u0219i toate drepturile de proprietate intelectual\u0103 ce decurg din acestea.<\/li>\n \t<li>Toate m\u0103rcile \u0219i logourile sunt de\u021binute de c\u0103tre Societate \u0219i nicio persoan\u0103 sau entitate nu are dreptul s\u0103 le copieze sau utilizeze \u00een nicio modalitate.<\/li>\n \t<li>Folosirea, preluarea, copierea sau modificarea f\u0103r\u0103 acordul Societ\u0103\u0163ii a oric\u0103ror elemente grafice\/de design\/structurale etc. prezente pe website este strict interzis\u0103. Orice \u00eenc\u0103lcare a drepturilor Societ\u0103\u0163ii intr\u0103 sub inciden\u0163a legii \u015fi va fi solu\u0163ionat\u0103 de entit\u0103\u0163ile abilitate \u00een acest scop.<\/li>\n \t<li>Niciun element de con\u0163inut transmis c\u0103tre utilizatori, prin orice mijloc de comunicare (electronic, telefonic, etc.) sau dob\u00e2ndit de c\u0103tre acesta prin accesare, vizitare \u015fi\/sau vizualizare nu constituie o obliga\u0163ie contractual\u0103 din partea Societ\u0103\u0163ii.<\/li>\n<\/ul>\n<ol start=\"5\">\n \t<li><H3>CONFIDEN\u021aIALITATE<\/H3><\/li>\n<\/ol>\n<ul>\n \t<li>Brand Roots va p\u0103stra confiden\u021bialitatea informa\u021biilor de orice natur\u0103 pe care Utilizatorii le vor furniza. Partajarea informa\u021biilor furnizate se va putea face doar \u00een condi\u021biile men\u021bionate \u00een Politica privind prelucrarea datelor cu caracter personal.<\/li>\n \t<li>Prelucrarea datelor cu caracter personal \u015fi regulile de protec\u0163ie a acestora pot fi accesate <a href=\"https:\/\/brandroots.agency\/ro\/data-privacy\/\"><u>aici<\/u><\/a>.<\/li>\n \t<li>Societatea respect\u0103 \u0219i protejeaz\u0103 drepturile privind datele personale ale utilizatorilor site-ului \u015fi are obliga\u021bia de a administra \u00een condi\u021bii de sigurant\u0103 \u0219i numai pentru scopurile specificate datele personale ce \u00eei sunt furnizate.<\/li>\n<\/ul>\n<h6><\/h6>\n<ol start=\"6\">\n \t<li><H3>INFORMA\u0162II UTILE PENTRU UTILIZATORI<\/H3><\/li>\n<\/ol>\n<b>\u00a0 Este interzis\u0103 utilizarea acestui website \u00een urm\u0103toarele modalit\u0103\u021bi sau pentru urm\u0103toarele scopuri:<\/b>\n<ul>\n \t<li>Cu \u00eenc\u0103lcarea Termenilor \u0219i Condi\u021biilor din prezentul document;<\/li>\n \t<li>Cu \u00eenc\u0103lcarea, \u00een orice modalitate, a prevederilor legale aplicabile sau prin modalit\u0103\u021bi care pot conduce la \u00eenc\u0103lcarea, \u00een orice modalitate, a prevederilor legale aplicabile;<\/li>\n \t<li>\u00cen orice modalitate prin care se ac\u021bioneaz\u0103 \u00een contul \u0219i pe seama altei persoane, \u00een special prin utilizarea de nume false, adrese de e-mail false, numere de telefon false etc.<\/li>\n \t<li>Pentru promovarea sau ascunderea activit\u0103\u021bilor cu caracter ilegal sau imoral;<\/li>\n \t<li>Pentru a reproduce, \u00een orice fel, interfa\u021ba site-urilor, \u00een vederea inducerii \u00een eroare a utilizatorilor sau poten\u021bialilor utilizatori ai acestui site sau a unor ter\u0163i;<\/li>\n \t<li>Pentru a ob\u021bine acces neautorizat la datele pe care utilizatorii le-au furnizat \u00een mod voluntar;<\/li>\n \t<li>Pentru a introduce \u00een sistem programe sau linii de cod mali\u021bioase;<\/li>\n \t<li>Pentru a solicita informa\u021bii, produse ori servicii ilegale, ori pentru a solicita informa\u021bii care s\u0103 acopere o activitate ilegal\u0103;<\/li>\n \t<li>Pentru a ob\u021bine acces la diferite sec\u021biuni sau subsec\u021biuni ale site-ului sau la produsele ori serviciile oferite de c\u0103tre Societate utiliz\u00e2nd proceduri ilegale.<\/li>\n<\/ul>\n<ol start=\"7\">\n \t<li><H3>LEGISLA\u021aIE APLICABIL\u0102 \u0219i JURISDIC\u021aIE<\/H3><\/li>\n<\/ol>\n<ul>\n \t<li>Prezenta politic\u0103 \u0219i utilizarea site-ului sunt guvernate de legile aflate \u00een vigoare din Rom\u00e2nia. \u00cen caz de apari\u0163ie a oric\u0103rui litigiu referitor la raportul contractual sau rezultat din sau \u00een leg\u0103tur\u0103 cu \u00eencheierea, interpretarea, executarea ori \u00eencetarea acestuia, acesta va fi solu\u0163ionat fie prin cereri adresate instan\u0163elor judec\u0103tore\u015fti competente material din Municipiul Cluj-Napoca, fie prin arbitrajul Cur\u0163ii de Arbitraj de pe l\u00e2ng\u0103 Camera de Comer\u0163 \u015fi Industrie Cluj, conform procedurii acesteia \u015fi de c\u0103tre un singur arbitru. Hot\u0103r\u00e2rea este definitiv\u0103 pentru p\u0103r\u0163i. Oric\u0103rei p\u0103r\u0163i \u00eei este recunoscut\u0103 posibilitatea alegerii uneia dintre cele dou\u0103 modalit\u0103\u0163i de solu\u0163ionare a litigiilor.<\/li>\n<\/ul><br><br>\nAcest document a fost actualizat la data de <b>12.09.2024<\/b>.\t\t\t\t\t\t\t\t<\/div>\n\t\t\t\t<\/div>\n\t\t\t\t\t<\/div>\n\t\t\t\t<\/div>\n\t\t\t\t<\/div>\n\t\t","protected":false},"excerpt":{"rendered":"<p>Termeni \u0219i condi\u021bii ASPECTE PRELIMINARE Acces\u00e2nd \u0219i utiliz\u00e2nd acest site, accepta\u021bi integral \u015fi f\u0103r\u0103 rezerve prezentele condi\u021bii \u0219i \u00een\u021belege\u021bi c\u0103 [&hellip;]<\/p>\n","protected":false},"author":1,"featured_media":0,"parent":0,"menu_order":0,"comment_status":"closed","ping_status":"closed","template":"","meta":{"site-sidebar-layout":"no-sidebar","site-content-layout":"","ast-site-content-layout":"full-width-container","site-content-style":"default","site-sidebar-style":"default","ast-global-header-display":"","ast-banner-title-visibility":"","ast-main-header-display":"","ast-hfb-above-header-display":"","ast-hfb-below-header-display":"","ast-hfb-mobile-header-display":"","site-post-title":"disabled","ast-breadcrumbs-content":"","ast-featured-img":"disabled","footer-sml-layout":"","theme-transparent-header-meta":"","adv-header-id-meta":"","stick-header-meta":"","header-above-stick-meta":"","header-main-stick-meta":"","header-below-stick-meta":"","astra-migrate-meta-layouts":"default","ast-page-background-enabled":"default","ast-page-background-meta":{"desktop":{"background-color":"var(--ast-global-color-4)","background-image":"","background-repeat":"repeat","background-position":"center center","background-size":"auto","background-attachment":"scroll","background-type":"","background-media":"","overlay-type":"","overlay-color":"","overlay-opacity":"","overlay-gradient":""},"tablet":{"background-color":"","background-image":"","background-repeat":"repeat","background-position":"center center","background-size":"auto","background-attachment":"scroll","background-type":"","background-media":"","overlay-type":"","overlay-color":"","overlay-opacity":"","overlay-gradient":""},"mobile":{"background-color":"","background-image":"","background-repeat":"repeat","background-position":"center center","background-size":"auto","background-attachment":"scroll","background-type":"","background-media":"","overlay-type":"","overlay-color":"","overlay-opacity":"","overlay-gradient":""}},"ast-content-background-meta":{"desktop":{"background-color":"var(--ast-global-color-5)","background-image":"","background-repeat":"repeat","background-position":"center center","background-size":"auto","background-attachment":"scroll","background-type":"","background-media":"","overlay-type":"","overlay-color":"","overlay-opacity":"","overlay-gradient":""},"tablet":{"background-color":"var(--ast-global-color-5)","background-image":"","background-repeat":"repeat","background-position":"center center","background-size":"auto","background-attachment":"scroll","background-type":"","background-media":"","overlay-type":"","overlay-color":"","overlay-opacity":"","overlay-gradient":""},"mobile":{"background-color":"var(--ast-global-color-5)","background-image":"","background-repeat":"repeat","background-position":"center center","background-size":"auto","background-attachment":"scroll","background-type":"","background-media":"","overlay-type":"","overlay-color":"","overlay-opacity":"","overlay-gradient":""}},"footnotes":""},"class_list":["post-1112","page","type-page","status-publish","hentry"],"_links":{"self":[{"href":"https:\/\/brandroots.agency\/ro\/wp-json\/wp\/v2\/pages\/1112","targetHints":{"allow":["GET"]}}],"collection":[{"href":"https:\/\/brandroots.agency\/ro\/wp-json\/wp\/v2\/pages"}],"about":[{"href":"https:\/\/brandroots.agency\/ro\/wp-json\/wp\/v2\/types\/page"}],"author":[{"embeddable":true,"href":"https:\/\/brandroots.agency\/ro\/wp-json\/wp\/v2\/users\/1"}],"replies":[{"embeddable":true,"href":"https:\/\/brandroots.agency\/ro\/wp-json\/wp\/v2\/comments?post=1112"}],"version-history":[{"count":37,"href":"https:\/\/brandroots.agency\/ro\/wp-json\/wp\/v2\/pages\/1112\/revisions"}],"predecessor-version":[{"id":2677,"href":"https:\/\/brandroots.agency\/ro\/wp-json\/wp\/v2\/pages\/1112\/revisions\/2677"}],"wp:attachment":[{"href":"https:\/\/brandroots.agency\/ro\/wp-json\/wp\/v2\/media?parent=1112"}],"curies":[{"name":"wp","href":"https:\/\/api.w.org\/{rel}","templated":true}]}}