{"id":71,"date":"2024-04-27T19:11:51","date_gmt":"2024-04-27T19:11:51","guid":{"rendered":"https:\/\/brandroots.agency\/?page_id=71"},"modified":"2024-08-19T10:01:38","modified_gmt":"2024-08-19T10:01:38","slug":"news","status":"publish","type":"page","link":"https:\/\/brandroots.agency\/en\/news\/","title":{"rendered":"blog."},"content":{"rendered":"<div data-elementor-type=\"wp-page\" data-elementor-id=\"71\" class=\"elementor elementor-71\">\n\t\t\t\t<div class=\"elementor-element elementor-element-56c26ae e-flex e-con-boxed e-con e-parent\" data-id=\"56c26ae\" data-element_type=\"container\">\n\t\t\t\t\t<div class=\"e-con-inner\">\n\t\t\t\t<div class=\"elementor-element elementor-element-1ae2b0a elementor-widget elementor-widget-heading\" data-id=\"1ae2b0a\" data-element_type=\"widget\" data-widget_type=\"heading.default\">\n\t\t\t\t<div class=\"elementor-widget-container\">\n\t\t\t\t\t<h1 class=\"elementor-heading-title elementor-size-default\">our blog.<\/h1>\t\t\t\t<\/div>\n\t\t\t\t<\/div>\n\t\t\t\t\t<\/div>\n\t\t\t\t<\/div>\n\t\t<div class=\"elementor-element elementor-element-fd63959 e-flex e-con-boxed e-con e-parent\" data-id=\"fd63959\" data-element_type=\"container\">\n\t\t\t\t\t<div class=\"e-con-inner\">\n\t\t\t\t<div class=\"elementor-element elementor-element-eb46147 no ui-e-apg-classic ui-e-img-anim-zoom elementor-widget elementor-widget-uicore-advanced-post-grid\" data-id=\"eb46147\" data-element_type=\"widget\" data-settings=\"{&quot;masonry&quot;:&quot;no&quot;}\" data-widget_type=\"uicore-advanced-post-grid.default\">\n\t\t\t\t<div class=\"elementor-widget-container\">\n\t\t\t\t\t            <div class=\"ui-e-adv-grid\">\n                \n                <div class=\"ui-e-post-item ui-e-item ui-e-animations-wrp\">\n\n                    <article class=\"post-904 post type-post status-publish format-standard has-post-thumbnail hentry category-uncategorized ast-grid-common-col ast-full-width ast-article-post remove-featured-img-padding\">\n                        <div class=\"ui-e-post-top\">\n                                    <a class=\"ui-e-post-img-wrapp\"\n            href=\"https:\/\/brandroots.agency\/en\/2024\/anularea-si-revocarea-marcilor\/\"\n            title=\"View Post:Anularea \u0219i revocarea m\u0103rcilor\">\n\n                            <div class=\"ui-e-post-img\" style=\"background-image:url(https:\/\/brandroots.agency\/wp-content\/uploads\/2024\/08\/cancelation-scaled.jpg)\"><\/div>\n                    <\/a>\n                                                        <\/div>\n                        <div class=\"ui-e-post-content\">\n                                                                <a href=\"https:\/\/brandroots.agency\/en\/2024\/anularea-si-revocarea-marcilor\/\" title=\"View Post:Anularea \u0219i revocarea m\u0103rcilor\">\n            <h4 class=\"ui-e-post-title\">\n                <span> Cancellation and revocation of trademarks <\/span>\n            <\/h4>\n        <\/a>\n                                                            <div class=\"ui-e-post-text\">The cases of cancellation and revocation of trademarks registered in the Trademark Register are provided for in Art. 5, Art. 6, and Art. 98 of Law No. 84\/1998 on trademarks and geographical indications.<\/div>                                                                                <\/div>\n                    <\/article>\n\n                <\/div>\n\n                \n                <div class=\"ui-e-post-item ui-e-item ui-e-animations-wrp\">\n\n                    <article class=\"post-889 post type-post status-publish format-standard has-post-thumbnail hentry category-uncategorized ast-grid-common-col ast-full-width ast-article-post remove-featured-img-padding\">\n                        <div class=\"ui-e-post-top\">\n                                    <a class=\"ui-e-post-img-wrapp\"\n            href=\"https:\/\/brandroots.agency\/en\/2024\/drepturile-titularului-unei-marci-si-protectia-acestora\/\"\n            title=\"View Post:Drepturile titularului unei m\u0103rci \u0219i protec\u021bia acestora\">\n\n                            <div class=\"ui-e-post-img\" style=\"background-image:url(https:\/\/brandroots.agency\/wp-content\/uploads\/2024\/08\/ownership-scaled.jpg)\"><\/div>\n                    <\/a>\n                                                        <\/div>\n                        <div class=\"ui-e-post-content\">\n                                                                <a href=\"https:\/\/brandroots.agency\/en\/2024\/drepturile-titularului-unei-marci-si-protectia-acestora\/\" title=\"View Post:Drepturile titularului unei m\u0103rci \u0219i protec\u021bia acestora\">\n            <h4 class=\"ui-e-post-title\">\n                <span> The rights of a trademark owner and their protection <\/span>\n            <\/h4>\n        <\/a>\n                                                            <div class=\"ui-e-post-text\">Rights to trademarks are legally protected at the national, European, and international levels through acts such as Law No. 84\/1998 on Trademarks and Geographical Indications, Regulation 1001\/2017 on the European Union Trademark, and the Paris Convention of 1883, revised in Stockholm in 1967.<\/div>                                                                                <\/div>\n                    <\/article>\n\n                <\/div>\n\n                \n                <div class=\"ui-e-post-item ui-e-item ui-e-animations-wrp\">\n\n                    <article class=\"post-883 post type-post status-publish format-standard has-post-thumbnail hentry category-uncategorized ast-grid-common-col ast-full-width ast-article-post remove-featured-img-padding\">\n                        <div class=\"ui-e-post-top\">\n                                    <a class=\"ui-e-post-img-wrapp\"\n            href=\"https:\/\/brandroots.agency\/en\/2024\/protectia-marcilor-alb-negru\/\"\n            title=\"View Post:Protec\u021bia m\u0103rcilor alb-negru\">\n\n                            <div class=\"ui-e-post-img\" style=\"background-image:url(https:\/\/brandroots.agency\/wp-content\/uploads\/2024\/08\/files-scaled.jpg)\"><\/div>\n                    <\/a>\n                                                        <\/div>\n                        <div class=\"ui-e-post-content\">\n                                                                <a href=\"https:\/\/brandroots.agency\/en\/2024\/protectia-marcilor-alb-negru\/\" title=\"View Post:Protec\u021bia m\u0103rcilor alb-negru\">\n            <h4 class=\"ui-e-post-title\">\n                <span> Protection of black-and-white trademarks <\/span>\n            <\/h4>\n        <\/a>\n                                                            <div class=\"ui-e-post-text\">For trademark protection, it must be registered with a competent authority, following a series of steps and adhering to certain legal limitations. Black-and-white trademarks do not benefit from unlimited protection, and their use in color may create risks of confusion. A careful analysis of the applicable legislation and case law is essential.<\/div>                                                                                <\/div>\n                    <\/article>\n\n                <\/div>\n\n                \n                <div class=\"ui-e-post-item ui-e-item ui-e-animations-wrp\">\n\n                    <article class=\"post-820 post type-post status-publish format-standard has-post-thumbnail hentry category-trademark ast-grid-common-col ast-full-width ast-article-post remove-featured-img-padding\">\n                        <div class=\"ui-e-post-top\">\n                                    <a class=\"ui-e-post-img-wrapp\"\n            href=\"https:\/\/brandroots.agency\/en\/2024\/ghid-rapid-pentru-inregistrarea-unei-marci-nationale-in-romania\/\"\n            title=\"View Post:Ghid rapid pentru \u00eenregistrarea unei m\u0103rci na\u021bionale \u00een Rom\u00e2nia\">\n\n                            <div class=\"ui-e-post-img\" style=\"background-image:url(https:\/\/brandroots.agency\/wp-content\/uploads\/2024\/08\/trademark.jpg)\"><\/div>\n                    <\/a>\n                                                        <\/div>\n                        <div class=\"ui-e-post-content\">\n                                                                <a href=\"https:\/\/brandroots.agency\/en\/2024\/ghid-rapid-pentru-inregistrarea-unei-marci-nationale-in-romania\/\" title=\"View Post:Ghid rapid pentru \u00eenregistrarea unei m\u0103rci na\u021bionale \u00een Rom\u00e2nia\">\n            <h4 class=\"ui-e-post-title\">\n                <span> Quick Guide to Registering a National Trademark in Romania <\/span>\n            <\/h4>\n        <\/a>\n                                                            <div class=\"ui-e-post-text\">The guide presents the steps for registering a National Trademark, from submitting the application to details about submission methods, duration, and costs.<\/div>                                                                                <\/div>\n                    <\/article>\n\n                <\/div>\n\n                            <\/div>\n\t\t\t\t<\/div>\n\t\t\t\t<\/div>\n\t\t\t\t\t<\/div>\n\t\t\t\t<\/div>\n\t\t\t\t<\/div>","protected":false},"excerpt":{"rendered":"<p>blogul nostru. Anularea \u0219i revocarea m\u0103rcilor Cazurile de anulare \u0219i revocare a m\u0103rcilor \u00eenregistrate \u00een Registrul m\u0103rcilor sunt prev\u0103zute \u00een [&hellip;]<\/p>","protected":false},"author":1,"featured_media":0,"parent":0,"menu_order":0,"comment_status":"closed","ping_status":"closed","template":"","meta":{"site-sidebar-layout":"no-sidebar","site-content-layout":"","ast-site-content-layout":"full-width-container","site-content-style":"default","site-sidebar-style":"default","ast-global-header-display":"","ast-banner-title-visibility":"","ast-main-header-display":"","ast-hfb-above-header-display":"","ast-hfb-below-header-display":"","ast-hfb-mobile-header-display":"","site-post-title":"disabled","ast-breadcrumbs-content":"","ast-featured-img":"disabled","footer-sml-layout":"","theme-transparent-header-meta":"","adv-header-id-meta":"","stick-header-meta":"","header-above-stick-meta":"","header-main-stick-meta":"","header-below-stick-meta":"","astra-migrate-meta-layouts":"default","ast-page-background-enabled":"default","ast-page-background-meta":{"desktop":{"background-color":"var(--ast-global-color-4)","background-image":"","background-repeat":"repeat","background-position":"center center","background-size":"auto","background-attachment":"scroll","background-type":"","background-media":"","overlay-type":"","overlay-color":"","overlay-opacity":"","overlay-gradient":""},"tablet":{"background-color":"","background-image":"","background-repeat":"repeat","background-position":"center center","background-size":"auto","background-attachment":"scroll","background-type":"","background-media":"","overlay-type":"","overlay-color":"","overlay-opacity":"","overlay-gradient":""},"mobile":{"background-color":"","background-image":"","background-repeat":"repeat","background-position":"center center","background-size":"auto","background-attachment":"scroll","background-type":"","background-media":"","overlay-type":"","overlay-color":"","overlay-opacity":"","overlay-gradient":""}},"ast-content-background-meta":{"desktop":{"background-color":"var(--ast-global-color-5)","background-image":"","background-repeat":"repeat","background-position":"center center","background-size":"auto","background-attachment":"scroll","background-type":"","background-media":"","overlay-type":"","overlay-color":"","overlay-opacity":"","overlay-gradient":""},"tablet":{"background-color":"var(--ast-global-color-5)","background-image":"","background-repeat":"repeat","background-position":"center center","background-size":"auto","background-attachment":"scroll","background-type":"","background-media":"","overlay-type":"","overlay-color":"","overlay-opacity":"","overlay-gradient":""},"mobile":{"background-color":"var(--ast-global-color-5)","background-image":"","background-repeat":"repeat","background-position":"center center","background-size":"auto","background-attachment":"scroll","background-type":"","background-media":"","overlay-type":"","overlay-color":"","overlay-opacity":"","overlay-gradient":""}},"footnotes":""},"class_list":["post-71","page","type-page","status-publish","hentry"],"_links":{"self":[{"href":"https:\/\/brandroots.agency\/en\/wp-json\/wp\/v2\/pages\/71","targetHints":{"allow":["GET"]}}],"collection":[{"href":"https:\/\/brandroots.agency\/en\/wp-json\/wp\/v2\/pages"}],"about":[{"href":"https:\/\/brandroots.agency\/en\/wp-json\/wp\/v2\/types\/page"}],"author":[{"embeddable":true,"href":"https:\/\/brandroots.agency\/en\/wp-json\/wp\/v2\/users\/1"}],"replies":[{"embeddable":true,"href":"https:\/\/brandroots.agency\/en\/wp-json\/wp\/v2\/comments?post=71"}],"version-history":[{"count":34,"href":"https:\/\/brandroots.agency\/en\/wp-json\/wp\/v2\/pages\/71\/revisions"}],"predecessor-version":[{"id":2197,"href":"https:\/\/brandroots.agency\/en\/wp-json\/wp\/v2\/pages\/71\/revisions\/2197"}],"wp:attachment":[{"href":"https:\/\/brandroots.agency\/en\/wp-json\/wp\/v2\/media?parent=71"}],"curies":[{"name":"wp","href":"https:\/\/api.w.org\/{rel}","templated":true}]}}