{"id":50,"date":"2024-04-27T17:09:36","date_gmt":"2024-04-27T17:09:36","guid":{"rendered":"https:\/\/brandroots.agency\/?page_id=50"},"modified":"2024-08-19T10:08:15","modified_gmt":"2024-08-19T10:08:15","slug":"about","status":"publish","type":"page","link":"https:\/\/brandroots.agency\/en\/about\/","title":{"rendered":"Despre noi"},"content":{"rendered":"<div data-elementor-type=\"wp-page\" data-elementor-id=\"50\" class=\"elementor elementor-50\">\n\t\t\t\t<div class=\"elementor-element elementor-element-c5079a7 e-flex e-con-boxed e-con e-parent\" data-id=\"c5079a7\" data-element_type=\"container\">\n\t\t\t\t\t<div class=\"e-con-inner\">\n\t\t\t\t<div class=\"elementor-element elementor-element-749dda2 elementor-widget elementor-widget-heading\" data-id=\"749dda2\" data-element_type=\"widget\" data-widget_type=\"heading.default\">\n\t\t\t\t<div class=\"elementor-widget-container\">\n\t\t\t\t\t<h1 class=\"elementor-heading-title elementor-size-default\">about us.<\/h1>\t\t\t\t<\/div>\n\t\t\t\t<\/div>\n\t\t\t\t\t<\/div>\n\t\t\t\t<\/div>\n\t\t<div class=\"elementor-element elementor-element-b022e5b elementor-hidden-desktop e-flex e-con-boxed e-con e-parent\" data-id=\"b022e5b\" data-element_type=\"container\">\n\t\t\t\t\t<div class=\"e-con-inner\">\n\t\t\t\t<div class=\"elementor-element elementor-element-09681e1 elementor-widget elementor-widget-heading\" data-id=\"09681e1\" data-element_type=\"widget\" data-widget_type=\"heading.default\">\n\t\t\t\t<div class=\"elementor-widget-container\">\n\t\t\t\t\t<h3 class=\"elementor-heading-title elementor-size-default\">Ce ar \u201dtrebui\u201d sau ce ai \u201da\u0219tepta\u201d s\u0103 cite\u0219ti \u00een sec\u021biunea \u201ddespre noi\u201d?\n<\/h3>\t\t\t\t<\/div>\n\t\t\t\t<\/div>\n\t\t\t\t<div class=\"elementor-element elementor-element-4832a33 elementor-widget elementor-widget-text-editor\" data-id=\"4832a33\" data-element_type=\"widget\" data-widget_type=\"text-editor.default\">\n\t\t\t\t<div class=\"elementor-widget-container\">\n\t\t\t\t\t\t\t\t\t<p><i>Ne-ar fi pl\u0103cut ca textul s\u0103 ofere cititorului starea specific\u0103 \u00eenceputului de weekend, dar e evident c\u0103 nu vom reu\u0219i, a\u0219a c\u0103 vom keep it simple.<br \/><\/i> <br \/><i>\u0218i pentru c\u0103 formula magic\u0103 nu a fost g\u0103sit\u0103 (p\u00e2n\u0103 acum), ne-am g\u00e2ndit s\u0103 scriem punctual, organizat, \u00een limbajul oarecum lemnos (din background-ul juridic), l\u0103s\u00e2nd mai departe celelalte sec\u021biuni ale website-ului s\u0103 vorbeasc\u0103 \u201ddespre noi\u201d.<\/i><\/p>\t\t\t\t\t\t\t\t<\/div>\n\t\t\t\t<\/div>\n\t\t\t\t<div class=\"elementor-element elementor-element-8184594 elementor-widget elementor-widget-text-editor\" data-id=\"8184594\" data-element_type=\"widget\" data-widget_type=\"text-editor.default\">\n\t\t\t\t<div class=\"elementor-widget-container\">\n\t\t\t\t\t\t\t\t\tOana Lungu | Avocat &amp; Consilier IP\t\t\t\t\t\t\t\t<\/div>\n\t\t\t\t<\/div>\n\t\t\t\t<div class=\"elementor-element elementor-element-1e8be5e elementor-shape-square elementor-grid-1 e-grid-align-left elementor-widget elementor-widget-social-icons\" data-id=\"1e8be5e\" data-element_type=\"widget\" data-widget_type=\"social-icons.default\">\n\t\t\t\t<div class=\"elementor-widget-container\">\n\t\t\t\t\t\t\t<div class=\"elementor-social-icons-wrapper elementor-grid\">\n\t\t\t\t\t\t\t<span class=\"elementor-grid-item\">\n\t\t\t\t\t<a class=\"elementor-icon elementor-social-icon elementor-social-icon-linkedin elementor-repeater-item-48c4690\" href=\"https:\/\/www.linkedin.com\/in\/oanalunguavocat\/\" target=\"_blank\">\n\t\t\t\t\t\t<span class=\"elementor-screen-only\">Linkedin<\/span>\n\t\t\t\t\t\t<svg class=\"e-font-icon-svg e-fab-linkedin\" viewbox=\"0 0 448 512\" xmlns=\"http:\/\/www.w3.org\/2000\/svg\"><path d=\"M416 32H31.9C14.3 32 0 46.5 0 64.3v383.4C0 465.5 14.3 480 31.9 480H416c17.6 0 32-14.5 32-32.3V64.3c0-17.8-14.4-32.3-32-32.3zM135.4 416H69V202.2h66.5V416zm-33.2-243c-21.3 0-38.5-17.3-38.5-38.5S80.9 96 102.2 96c21.2 0 38.5 17.3 38.5 38.5 0 21.3-17.2 38.5-38.5 38.5zm282.1 243h-66.4V312c0-24.8-.5-56.7-34.5-56.7-34.6 0-39.9 27-39.9 54.9V416h-66.4V202.2h63.7v29.2h.9c8.9-16.8 30.6-34.5 62.9-34.5 67.2 0 79.7 44.3 79.7 101.9V416z\"><\/path><\/svg>\t\t\t\t\t<\/a>\n\t\t\t\t<\/span>\n\t\t\t\t\t<\/div>\n\t\t\t\t\t\t<\/div>\n\t\t\t\t<\/div>\n\t\t\t\t\t<\/div>\n\t\t\t\t<\/div>\n\t\t<div class=\"elementor-element elementor-element-4ca2ba8 e-flex e-con-boxed e-con e-parent\" data-id=\"4ca2ba8\" data-element_type=\"container\">\n\t\t\t\t\t<div class=\"e-con-inner\">\n\t\t<div class=\"elementor-element elementor-element-d3f31ae e-con-full e-flex e-con e-child\" data-id=\"d3f31ae\" data-element_type=\"container\">\n\t\t\t\t<div class=\"elementor-element elementor-element-1ce00cb elementor-widget elementor-widget-image\" data-id=\"1ce00cb\" data-element_type=\"widget\" data-widget_type=\"image.default\">\n\t\t\t\t<div class=\"elementor-widget-container\">\n\t\t\t\t\t\t\t\t\t\t\t\t\t\t\t<img fetchpriority=\"high\" decoding=\"async\" width=\"1351\" height=\"1389\" src=\"https:\/\/brandroots.agency\/wp-content\/uploads\/2024\/08\/oana-lungu.jpg\" class=\"attachment-full size-full wp-image-1380\" alt=\"\" srcset=\"https:\/\/brandroots.agency\/wp-content\/uploads\/2024\/08\/oana-lungu.jpg 1351w, https:\/\/brandroots.agency\/wp-content\/uploads\/2024\/08\/oana-lungu-292x300.jpg 292w, https:\/\/brandroots.agency\/wp-content\/uploads\/2024\/08\/oana-lungu-996x1024.jpg 996w, https:\/\/brandroots.agency\/wp-content\/uploads\/2024\/08\/oana-lungu-768x790.jpg 768w, https:\/\/brandroots.agency\/wp-content\/uploads\/2024\/08\/oana-lungu-12x12.jpg 12w\" sizes=\"(max-width: 1351px) 100vw, 1351px\" \/>\t\t\t\t\t\t\t\t\t\t\t\t\t\t\t<\/div>\n\t\t\t\t<\/div>\n\t\t\t\t<\/div>\n\t\t<div class=\"elementor-element elementor-element-e8f8e05 e-con-full elementor-hidden-tablet elementor-hidden-mobile e-flex e-con e-child\" data-id=\"e8f8e05\" data-element_type=\"container\" data-settings=\"{&quot;background_background&quot;:&quot;classic&quot;}\">\n\t\t\t\t<div class=\"elementor-element elementor-element-697cfab elementor-widget elementor-widget-heading\" data-id=\"697cfab\" data-element_type=\"widget\" data-widget_type=\"heading.default\">\n\t\t\t\t<div class=\"elementor-widget-container\">\n\t\t\t\t\t<h3 class=\"elementor-heading-title elementor-size-default\">Ce ar \u201dtrebui\u201d sau ce ai \u201da\u0219tepta\u201d s\u0103 cite\u0219ti \u00een sec\u021biunea \u201ddespre noi\u201d?\n<\/h3>\t\t\t\t<\/div>\n\t\t\t\t<\/div>\n\t\t\t\t<div class=\"elementor-element elementor-element-33005e8 elementor-widget elementor-widget-text-editor\" data-id=\"33005e8\" data-element_type=\"widget\" data-widget_type=\"text-editor.default\">\n\t\t\t\t<div class=\"elementor-widget-container\">\n\t\t\t\t\t\t\t\t\t<i>Ne-ar fi pl\u0103cut ca textul s\u0103 ofere cititorului starea specific\u0103 \u00eenceputului de weekend, dar e evident c\u0103 nu vom reu\u0219i, a\u0219a c\u0103 vom keep it simple.<\/i>\n<br><br>\n<i><span style=\"font-weight: inherit; color: var( --e-global-color-astglobalcolor3 ); background-color: var( --e-global-color-astglobalcolor0 ); text-align: var(--text-align);\">\u0218i pentru c\u0103 formula magic\u0103 nu a fost g\u0103sit\u0103 (p\u00e2n\u0103 acum), ne-am g\u00e2ndit s\u0103 scriem punctual, organizat, \u00een limbajul oarecum lemnos (din background-ul juridic), l\u0103s\u00e2nd mai departe celelalte sec\u021biuni ale website-ului s\u0103 vorbeasc\u0103 \u201ddespre noi\u201d.<\/span><\/i>\t\t\t\t\t\t\t\t<\/div>\n\t\t\t\t<\/div>\n\t\t<div class=\"elementor-element elementor-element-f9c0521 e-con-full e-flex e-con e-child\" data-id=\"f9c0521\" data-element_type=\"container\">\n\t\t\t\t<div class=\"elementor-element elementor-element-8654f71 elementor-widget elementor-widget-text-editor\" data-id=\"8654f71\" data-element_type=\"widget\" data-widget_type=\"text-editor.default\">\n\t\t\t\t<div class=\"elementor-widget-container\">\n\t\t\t\t\t\t\t\t\tOana Lungu | Avocat &amp; Consilier IP\t\t\t\t\t\t\t\t<\/div>\n\t\t\t\t<\/div>\n\t\t\t\t<div class=\"elementor-element elementor-element-0974a6f elementor-shape-square elementor-grid-1 e-grid-align-left elementor-widget elementor-widget-social-icons\" data-id=\"0974a6f\" data-element_type=\"widget\" data-widget_type=\"social-icons.default\">\n\t\t\t\t<div class=\"elementor-widget-container\">\n\t\t\t\t\t\t\t<div class=\"elementor-social-icons-wrapper elementor-grid\">\n\t\t\t\t\t\t\t<span class=\"elementor-grid-item\">\n\t\t\t\t\t<a class=\"elementor-icon elementor-social-icon elementor-social-icon-linkedin elementor-repeater-item-48c4690\" href=\"https:\/\/www.linkedin.com\/in\/oanalunguavocat\/\" target=\"_blank\">\n\t\t\t\t\t\t<span class=\"elementor-screen-only\">Linkedin<\/span>\n\t\t\t\t\t\t<svg class=\"e-font-icon-svg e-fab-linkedin\" viewbox=\"0 0 448 512\" xmlns=\"http:\/\/www.w3.org\/2000\/svg\"><path d=\"M416 32H31.9C14.3 32 0 46.5 0 64.3v383.4C0 465.5 14.3 480 31.9 480H416c17.6 0 32-14.5 32-32.3V64.3c0-17.8-14.4-32.3-32-32.3zM135.4 416H69V202.2h66.5V416zm-33.2-243c-21.3 0-38.5-17.3-38.5-38.5S80.9 96 102.2 96c21.2 0 38.5 17.3 38.5 38.5 0 21.3-17.2 38.5-38.5 38.5zm282.1 243h-66.4V312c0-24.8-.5-56.7-34.5-56.7-34.6 0-39.9 27-39.9 54.9V416h-66.4V202.2h63.7v29.2h.9c8.9-16.8 30.6-34.5 62.9-34.5 67.2 0 79.7 44.3 79.7 101.9V416z\"><\/path><\/svg>\t\t\t\t\t<\/a>\n\t\t\t\t<\/span>\n\t\t\t\t\t<\/div>\n\t\t\t\t\t\t<\/div>\n\t\t\t\t<\/div>\n\t\t\t\t<\/div>\n\t\t\t\t<\/div>\n\t\t\t\t\t<\/div>\n\t\t\t\t<\/div>\n\t\t<div class=\"elementor-element elementor-element-0ca6ff4 e-flex e-con-boxed e-con e-parent\" data-id=\"0ca6ff4\" data-element_type=\"container\">\n\t\t\t\t\t<div class=\"e-con-inner\">\n\t\t\t\t<div class=\"elementor-element elementor-element-2cab487 elementor-widget elementor-widget-text-editor\" data-id=\"2cab487\" data-element_type=\"widget\" data-widget_type=\"text-editor.default\">\n\t\t\t\t<div class=\"elementor-widget-container\">\n\t\t\t\t\t\t\t\t\t<p>\u00a0<\/p><h3><span style=\"font-style: inherit; font-weight: inherit; text-align: var(--text-align); background-color: var(--ast-global-color-3); color: var(--ast-global-color-2);\">Suntem:<\/span><\/h3><ul><li>Avoca\u021bi din <b>2009<\/b><\/li><li>Avem practic\u0103 \u00een domeniul propriet\u0103\u021bii industriale din 2018 (chiar 2016, de la prima depunere a unei m\u0103rci la OSIM)<\/li><li><b>Acredita\u021bi de OSIM \u0219i CNCPIR<\/b> drept consilieri \u00een proprietate industrial\u0103 din 2023<\/li><li>Consultan\u021bi pe proprietate intelectual\u0103 \u00eenc\u0103 din 2012 (diverse spe\u021be, contracte, analize)<\/li><li>Cu experien\u021b\u0103 de reprezentare procesual\u0103 \u00een domeniul IP din 2016<\/li><\/ul>\t\t\t\t\t\t\t\t<\/div>\n\t\t\t\t<\/div>\n\t\t\t\t\t<\/div>\n\t\t\t\t<\/div>\n\t\t\t\t<\/div>","protected":false},"excerpt":{"rendered":"<p>despre noi. Ce ar \u201dtrebui\u201d sau ce ai \u201da\u0219tepta\u201d s\u0103 cite\u0219ti \u00een sec\u021biunea \u201ddespre noi\u201d? Ne-ar fi pl\u0103cut ca textul [&hellip;]<\/p>","protected":false},"author":1,"featured_media":0,"parent":0,"menu_order":0,"comment_status":"closed","ping_status":"closed","template":"","meta":{"site-sidebar-layout":"no-sidebar","site-content-layout":"","ast-site-content-layout":"full-width-container","site-content-style":"default","site-sidebar-style":"default","ast-global-header-display":"","ast-banner-title-visibility":"","ast-main-header-display":"","ast-hfb-above-header-display":"","ast-hfb-below-header-display":"","ast-hfb-mobile-header-display":"","site-post-title":"disabled","ast-breadcrumbs-content":"","ast-featured-img":"disabled","footer-sml-layout":"","theme-transparent-header-meta":"","adv-header-id-meta":"","stick-header-meta":"","header-above-stick-meta":"","header-main-stick-meta":"","header-below-stick-meta":"","astra-migrate-meta-layouts":"default","ast-page-background-enabled":"default","ast-page-background-meta":{"desktop":{"background-color":"var(--ast-global-color-4)","background-image":"","background-repeat":"repeat","background-position":"center center","background-size":"auto","background-attachment":"scroll","background-type":"","background-media":"","overlay-type":"","overlay-color":"","overlay-opacity":"","overlay-gradient":""},"tablet":{"background-color":"","background-image":"","background-repeat":"repeat","background-position":"center center","background-size":"auto","background-attachment":"scroll","background-type":"","background-media":"","overlay-type":"","overlay-color":"","overlay-opacity":"","overlay-gradient":""},"mobile":{"background-color":"","background-image":"","background-repeat":"repeat","background-position":"center center","background-size":"auto","background-attachment":"scroll","background-type":"","background-media":"","overlay-type":"","overlay-color":"","overlay-opacity":"","overlay-gradient":""}},"ast-content-background-meta":{"desktop":{"background-color":"var(--ast-global-color-5)","background-image":"","background-repeat":"repeat","background-position":"center center","background-size":"auto","background-attachment":"scroll","background-type":"","background-media":"","overlay-type":"","overlay-color":"","overlay-opacity":"","overlay-gradient":""},"tablet":{"background-color":"var(--ast-global-color-5)","background-image":"","background-repeat":"repeat","background-position":"center center","background-size":"auto","background-attachment":"scroll","background-type":"","background-media":"","overlay-type":"","overlay-color":"","overlay-opacity":"","overlay-gradient":""},"mobile":{"background-color":"var(--ast-global-color-5)","background-image":"","background-repeat":"repeat","background-position":"center center","background-size":"auto","background-attachment":"scroll","background-type":"","background-media":"","overlay-type":"","overlay-color":"","overlay-opacity":"","overlay-gradient":""}},"footnotes":""},"class_list":["post-50","page","type-page","status-publish","hentry"],"_links":{"self":[{"href":"https:\/\/brandroots.agency\/en\/wp-json\/wp\/v2\/pages\/50","targetHints":{"allow":["GET"]}}],"collection":[{"href":"https:\/\/brandroots.agency\/en\/wp-json\/wp\/v2\/pages"}],"about":[{"href":"https:\/\/brandroots.agency\/en\/wp-json\/wp\/v2\/types\/page"}],"author":[{"embeddable":true,"href":"https:\/\/brandroots.agency\/en\/wp-json\/wp\/v2\/users\/1"}],"replies":[{"embeddable":true,"href":"https:\/\/brandroots.agency\/en\/wp-json\/wp\/v2\/comments?post=50"}],"version-history":[{"count":128,"href":"https:\/\/brandroots.agency\/en\/wp-json\/wp\/v2\/pages\/50\/revisions"}],"predecessor-version":[{"id":2239,"href":"https:\/\/brandroots.agency\/en\/wp-json\/wp\/v2\/pages\/50\/revisions\/2239"}],"wp:attachment":[{"href":"https:\/\/brandroots.agency\/en\/wp-json\/wp\/v2\/media?parent=50"}],"curies":[{"name":"wp","href":"https:\/\/api.w.org\/{rel}","templated":true}]}}